{"id":3155,"date":"2025-08-14T19:54:24","date_gmt":"2025-08-14T19:54:24","guid":{"rendered":"https:\/\/www.worldpassporte.com\/product\/buy-hungarian-passport-online\/"},"modified":"2025-10-03T16:13:39","modified_gmt":"2025-10-03T16:13:39","slug":"koupit-madarsky-pas-online","status":"publish","type":"product","link":"https:\/\/worldpassaporte.com\/cs\/produkt\/koupit-madarsky-pas-online\/","title":{"rendered":"Koupit ma\u010farsk\u00fd pas online"},"content":{"rendered":"<p data-start=\"266\" data-end=\"572\">Z\u00edsk\u00e1n\u00ed ma\u010farsk\u00e9ho pasu tradi\u010dn\u00edmi cestami m\u016f\u017ee b\u00fdt pomal\u00e9, stresuj\u00edc\u00ed a matouc\u00ed. Po\u017eadavky ambas\u00e1dy, p\u0159\u00edsn\u00e9 kontroly dokument\u016f a dlouh\u00e9 doby zpracov\u00e1n\u00ed \u010dasto zp\u016fsobuj\u00ed zpo\u017ed\u011bn\u00ed. I drobn\u00e9 chyby mohou v\u00e9st k zam\u00edtnut\u00ed, co\u017e je ztr\u00e1ta \u010dasu a pen\u011bz.<\/p>\n<p data-start=\"574\" data-end=\"872\">Na\u0161e slu\u017eba nab\u00edz\u00ed bezpe\u010dn\u00fd a spolehliv\u00fd zp\u016fsob, jak <strong data-start=\"620\" data-end=\"655\">koupit ma\u010farsk\u00fd pas online<\/strong>Ka\u017ed\u00fd cestovn\u00ed pas je ov\u011b\u0159en\u00fd, platn\u00fd a p\u0159ipraven\u00fd k mezin\u00e1rodn\u00edmu pou\u017eit\u00ed. My<a href=\"https:\/\/worldpassaporte.com\/cs\/produkt\/koupit-portugalsky-ridicsky-prukaz\/\"> spravovat<\/a> cel\u00fd proces \u2013 od ov\u011b\u0159en\u00ed dokument\u016f a\u017e po bezpe\u010dn\u00e9 doru\u010den\u00ed \u2013 abyste se vyhnuli dlouh\u00fdm front\u00e1m, matouc\u00edm pravidl\u016fm a zbyte\u010dn\u00e9mu stresu.<\/p>\n<p data-start=\"874\" data-end=\"1105\">A\u0165 u\u017e jde o cestov\u00e1n\u00ed, podnik\u00e1n\u00ed, st\u011bhov\u00e1n\u00ed nebo osobn\u00ed bezpe\u010dnost, tato slu\u017eba zaji\u0161\u0165uje rychl\u00fd, hladk\u00fd a diskr\u00e9tn\u00ed proces. Vyhn\u011bte se \u010dek\u00e1n\u00ed, chyb\u00e1m a z\u00edskejte platn\u00fd ma\u010farsk\u00fd pas bezpe\u010dn\u011b a efektivn\u011b.<\/p>\n<p data-start=\"1107\" data-end=\"1186\">Z\u00edskejte si ma\u010farsk\u00fd pas online je\u0161t\u011b dnes \u2013 rychle, bezpe\u010dn\u011b a s plnou podporou.<\/p>","protected":false},"excerpt":{"rendered":"<p data-start=\"93\" data-end=\"259\">Kupte si ma\u010farsk\u00fd pas online bezpe\u010dn\u011b a spolehliv\u011b. Rychle, ov\u011b\u0159eno a diskr\u00e9tn\u011b \u2013 \u017e\u00e1dn\u00e9 zpo\u017ed\u011bn\u00ed na ambas\u00e1d\u011b ani slo\u017eit\u00e9 procedury.<\/p>","protected":false},"featured_media":3154,"comment_status":"open","ping_status":"closed","template":"","meta":[],"product_brand":[],"product_cat":[57],"product_tag":[],"class_list":{"0":"post-3155","1":"product","2":"type-product","3":"status-publish","4":"has-post-thumbnail","6":"product_cat-realpassport","8":"first","9":"instock","10":"shipping-taxable","11":"purchasable","12":"product-type-simple"},"yoast_head":"<!-- This site is optimized with the Yoast SEO Premium plugin v24.9 (Yoast SEO v27.3) - https:\/\/yoast.com\/product\/yoast-seo-premium-wordpress\/ -->\n<title>Buy Hungarian Passport Online \u2013 Fast &amp; Secure<\/title>\n<meta name=\"description\" content=\"Avoid embassy delays and stress. Buy a Hungarian passport online with verified documents, fast processing, and secure delivery. Safe, discreet, reliable.\" \/>\n<meta name=\"robots\" content=\"index, follow, max-snippet:-1, max-image-preview:large, max-video-preview:-1\" \/>\n<link rel=\"canonical\" href=\"https:\/\/worldpassaporte.com\/cs\/produkt\/koupit-madarsky-pas-online\/\" \/>\n<meta property=\"og:locale\" content=\"cs_CZ\" \/>\n<meta property=\"og:type\" content=\"article\" \/>\n<meta property=\"og:title\" content=\"Buy Hungarian Passport Online\" \/>\n<meta property=\"og:description\" content=\"Avoid embassy delays and stress. Buy a Hungarian passport online with verified documents, fast processing, and secure delivery. Safe, discreet, reliable.\" \/>\n<meta property=\"og:url\" content=\"https:\/\/worldpassaporte.com\/cs\/produkt\/koupit-madarsky-pas-online\/\" \/>\n<meta property=\"og:site_name\" content=\"Buy Passport Online\" \/>\n<meta property=\"article:publisher\" content=\"https:\/\/www.facebook.com\/migrant.line.75\" \/>\n<meta property=\"article:modified_time\" content=\"2025-10-03T16:13:39+00:00\" \/>\n<meta property=\"og:image\" content=\"https:\/\/worldpassaporte.com\/wp-content\/uploads\/2025\/08\/buy-hungarian-passport-online.png\" \/>\n\t<meta property=\"og:image:width\" content=\"285\" \/>\n\t<meta property=\"og:image:height\" content=\"285\" \/>\n\t<meta property=\"og:image:type\" content=\"image\/png\" \/>\n<meta name=\"twitter:card\" content=\"summary_large_image\" \/>\n<meta name=\"twitter:label1\" content=\"Odhadovan\u00e1 doba \u010dten\u00ed\" \/>\n\t<meta name=\"twitter:data1\" content=\"1 minuta\" \/>\n<script type=\"application\/ld+json\" class=\"yoast-schema-graph\">{\"@context\":\"https:\\\/\\\/schema.org\",\"@graph\":[{\"@type\":\"WebPage\",\"@id\":\"https:\\\/\\\/worldpassaporte.com\\\/product\\\/buy-hungarian-passport-online\\\/\",\"url\":\"https:\\\/\\\/worldpassaporte.com\\\/product\\\/buy-hungarian-passport-online\\\/\",\"name\":\"Buy Hungarian Passport Online \u2013 Fast & Secure\",\"isPartOf\":{\"@id\":\"https:\\\/\\\/worldpassaporte.com\\\/#website\"},\"primaryImageOfPage\":{\"@id\":\"https:\\\/\\\/worldpassaporte.com\\\/product\\\/buy-hungarian-passport-online\\\/#primaryimage\"},\"image\":{\"@id\":\"https:\\\/\\\/worldpassaporte.com\\\/product\\\/buy-hungarian-passport-online\\\/#primaryimage\"},\"thumbnailUrl\":\"https:\\\/\\\/worldpassaporte.com\\\/wp-content\\\/uploads\\\/2025\\\/08\\\/buy-hungarian-passport-online.png\",\"datePublished\":\"2025-08-14T19:54:24+00:00\",\"dateModified\":\"2025-10-03T16:13:39+00:00\",\"description\":\"Avoid embassy delays and stress. Buy a Hungarian passport online with verified documents, fast processing, and secure delivery. Safe, discreet, reliable.\",\"breadcrumb\":{\"@id\":\"https:\\\/\\\/worldpassaporte.com\\\/product\\\/buy-hungarian-passport-online\\\/#breadcrumb\"},\"inLanguage\":\"cs\",\"potentialAction\":[{\"@type\":\"ReadAction\",\"target\":[\"https:\\\/\\\/worldpassaporte.com\\\/product\\\/buy-hungarian-passport-online\\\/\"]}]},{\"@type\":\"ImageObject\",\"inLanguage\":\"cs\",\"@id\":\"https:\\\/\\\/worldpassaporte.com\\\/product\\\/buy-hungarian-passport-online\\\/#primaryimage\",\"url\":\"https:\\\/\\\/worldpassaporte.com\\\/wp-content\\\/uploads\\\/2025\\\/08\\\/buy-hungarian-passport-online.png\",\"contentUrl\":\"https:\\\/\\\/worldpassaporte.com\\\/wp-content\\\/uploads\\\/2025\\\/08\\\/buy-hungarian-passport-online.png\",\"width\":285,\"height\":285,\"caption\":\"Buy Hungarian Passport Online\"},{\"@type\":\"BreadcrumbList\",\"@id\":\"https:\\\/\\\/worldpassaporte.com\\\/product\\\/buy-hungarian-passport-online\\\/#breadcrumb\",\"itemListElement\":[{\"@type\":\"ListItem\",\"position\":1,\"name\":\"Home\",\"item\":\"https:\\\/\\\/worldpassaporte.com\\\/\"},{\"@type\":\"ListItem\",\"position\":2,\"name\":\"Shop\",\"item\":\"https:\\\/\\\/worldpassaporte.com\\\/shop\\\/\"},{\"@type\":\"ListItem\",\"position\":3,\"name\":\"Buy Hungarian Passport Online\"}]},{\"@type\":\"WebSite\",\"@id\":\"https:\\\/\\\/worldpassaporte.com\\\/#website\",\"url\":\"https:\\\/\\\/worldpassaporte.com\\\/\",\"name\":\"World Passporte | Buy Verified Passports & IDs Online\",\"description\":\"Trusted Online Passport, Driver\u2019s License &amp; ID Card Services\",\"publisher\":{\"@id\":\"https:\\\/\\\/worldpassaporte.com\\\/#organization\"},\"alternateName\":\"World Passporte Docs\",\"potentialAction\":[{\"@type\":\"SearchAction\",\"target\":{\"@type\":\"EntryPoint\",\"urlTemplate\":\"https:\\\/\\\/worldpassaporte.com\\\/?s={search_term_string}\"},\"query-input\":{\"@type\":\"PropertyValueSpecification\",\"valueRequired\":true,\"valueName\":\"search_term_string\"}}],\"inLanguage\":\"cs\"},{\"@type\":\"Organization\",\"@id\":\"https:\\\/\\\/worldpassaporte.com\\\/#organization\",\"name\":\"world passporte\",\"url\":\"https:\\\/\\\/worldpassaporte.com\\\/\",\"logo\":{\"@type\":\"ImageObject\",\"inLanguage\":\"cs\",\"@id\":\"https:\\\/\\\/worldpassaporte.com\\\/#\\\/schema\\\/logo\\\/image\\\/\",\"url\":\"https:\\\/\\\/worldpassaporte.com\\\/wp-content\\\/uploads\\\/2021\\\/04\\\/cropped-521-5219672_document-management-system-logo-hd-png-download.png\",\"contentUrl\":\"https:\\\/\\\/worldpassaporte.com\\\/wp-content\\\/uploads\\\/2021\\\/04\\\/cropped-521-5219672_document-management-system-logo-hd-png-download.png\",\"width\":512,\"height\":512,\"caption\":\"world passporte\"},\"image\":{\"@id\":\"https:\\\/\\\/worldpassaporte.com\\\/#\\\/schema\\\/logo\\\/image\\\/\"},\"sameAs\":[\"https:\\\/\\\/www.facebook.com\\\/migrant.line.75\"]}]}<\/script>\n<!-- \/ Yoast SEO Premium plugin. -->","yoast_head_json":{"title":"Kupte si ma\u010farsk\u00fd pas online \u2013 rychle a bezpe\u010dn\u011b","description":"Vyhn\u011bte se zpo\u017ed\u011bn\u00edm a stresu na ambas\u00e1d\u011b. Kupte si ma\u010farsk\u00fd pas online s ov\u011b\u0159en\u00fdmi dokumenty, rychl\u00fdm zpracov\u00e1n\u00edm a bezpe\u010dn\u00fdm doru\u010den\u00edm. Bezpe\u010dn\u00e9, diskr\u00e9tn\u00ed, spolehliv\u00e9.","robots":{"index":"index","follow":"follow","max-snippet":"max-snippet:-1","max-image-preview":"max-image-preview:large","max-video-preview":"max-video-preview:-1"},"canonical":"https:\/\/worldpassaporte.com\/cs\/produkt\/koupit-madarsky-pas-online\/","og_locale":"cs_CZ","og_type":"article","og_title":"Buy Hungarian Passport Online","og_description":"Avoid embassy delays and stress. Buy a Hungarian passport online with verified documents, fast processing, and secure delivery. Safe, discreet, reliable.","og_url":"https:\/\/worldpassaporte.com\/cs\/produkt\/koupit-madarsky-pas-online\/","og_site_name":"Buy Passport Online","article_publisher":"https:\/\/www.facebook.com\/migrant.line.75","article_modified_time":"2025-10-03T16:13:39+00:00","og_image":[{"width":285,"height":285,"url":"https:\/\/worldpassaporte.com\/wp-content\/uploads\/2025\/08\/buy-hungarian-passport-online.png","type":"image\/png"}],"twitter_card":"summary_large_image","twitter_misc":{"Odhadovan\u00e1 doba \u010dten\u00ed":"1 minuta"},"schema":{"@context":"https:\/\/schema.org","@graph":[{"@type":"WebPage","@id":"https:\/\/worldpassaporte.com\/product\/buy-hungarian-passport-online\/","url":"https:\/\/worldpassaporte.com\/product\/buy-hungarian-passport-online\/","name":"Kupte si ma\u010farsk\u00fd pas online \u2013 rychle a bezpe\u010dn\u011b","isPartOf":{"@id":"https:\/\/worldpassaporte.com\/#website"},"primaryImageOfPage":{"@id":"https:\/\/worldpassaporte.com\/product\/buy-hungarian-passport-online\/#primaryimage"},"image":{"@id":"https:\/\/worldpassaporte.com\/product\/buy-hungarian-passport-online\/#primaryimage"},"thumbnailUrl":"https:\/\/worldpassaporte.com\/wp-content\/uploads\/2025\/08\/buy-hungarian-passport-online.png","datePublished":"2025-08-14T19:54:24+00:00","dateModified":"2025-10-03T16:13:39+00:00","description":"Vyhn\u011bte se zpo\u017ed\u011bn\u00edm a stresu na ambas\u00e1d\u011b. Kupte si ma\u010farsk\u00fd pas online s ov\u011b\u0159en\u00fdmi dokumenty, rychl\u00fdm zpracov\u00e1n\u00edm a bezpe\u010dn\u00fdm doru\u010den\u00edm. Bezpe\u010dn\u00e9, diskr\u00e9tn\u00ed, spolehliv\u00e9.","breadcrumb":{"@id":"https:\/\/worldpassaporte.com\/product\/buy-hungarian-passport-online\/#breadcrumb"},"inLanguage":"cs","potentialAction":[{"@type":"ReadAction","target":["https:\/\/worldpassaporte.com\/product\/buy-hungarian-passport-online\/"]}]},{"@type":"ImageObject","inLanguage":"cs","@id":"https:\/\/worldpassaporte.com\/product\/buy-hungarian-passport-online\/#primaryimage","url":"https:\/\/worldpassaporte.com\/wp-content\/uploads\/2025\/08\/buy-hungarian-passport-online.png","contentUrl":"https:\/\/worldpassaporte.com\/wp-content\/uploads\/2025\/08\/buy-hungarian-passport-online.png","width":285,"height":285,"caption":"Buy Hungarian Passport Online"},{"@type":"BreadcrumbList","@id":"https:\/\/worldpassaporte.com\/product\/buy-hungarian-passport-online\/#breadcrumb","itemListElement":[{"@type":"ListItem","position":1,"name":"Home","item":"https:\/\/worldpassaporte.com\/"},{"@type":"ListItem","position":2,"name":"Shop","item":"https:\/\/worldpassaporte.com\/shop\/"},{"@type":"ListItem","position":3,"name":"Buy Hungarian Passport Online"}]},{"@type":"WebSite","@id":"https:\/\/worldpassaporte.com\/#website","url":"https:\/\/worldpassaporte.com\/","name":"Sv\u011btov\u00e9 pasy | Kupte si ov\u011b\u0159en\u00e9 pasy a pr\u016fkazy toto\u017enosti online","description":"D\u016fv\u011bryhodn\u00e9 online slu\u017eby pro pasy, \u0159idi\u010dsk\u00e9 pr\u016fkazy a ob\u010dansk\u00e9 pr\u016fkazy","publisher":{"@id":"https:\/\/worldpassaporte.com\/#organization"},"alternateName":"World Passporte Docs","potentialAction":[{"@type":"SearchAction","target":{"@type":"EntryPoint","urlTemplate":"https:\/\/worldpassaporte.com\/?s={search_term_string}"},"query-input":{"@type":"PropertyValueSpecification","valueRequired":true,"valueName":"search_term_string"}}],"inLanguage":"cs"},{"@type":"Organization","@id":"https:\/\/worldpassaporte.com\/#organization","name":"sv\u011btov\u00e9 pasy","url":"https:\/\/worldpassaporte.com\/","logo":{"@type":"ImageObject","inLanguage":"cs","@id":"https:\/\/worldpassaporte.com\/#\/schema\/logo\/image\/","url":"https:\/\/worldpassaporte.com\/wp-content\/uploads\/2021\/04\/cropped-521-5219672_document-management-system-logo-hd-png-download.png","contentUrl":"https:\/\/worldpassaporte.com\/wp-content\/uploads\/2021\/04\/cropped-521-5219672_document-management-system-logo-hd-png-download.png","width":512,"height":512,"caption":"world passporte"},"image":{"@id":"https:\/\/worldpassaporte.com\/#\/schema\/logo\/image\/"},"sameAs":["https:\/\/www.facebook.com\/migrant.line.75"]}]}},"_links":{"self":[{"href":"https:\/\/worldpassaporte.com\/cs\/wp-json\/wp\/v2\/product\/3155","targetHints":{"allow":["GET"]}}],"collection":[{"href":"https:\/\/worldpassaporte.com\/cs\/wp-json\/wp\/v2\/product"}],"about":[{"href":"https:\/\/worldpassaporte.com\/cs\/wp-json\/wp\/v2\/types\/product"}],"replies":[{"embeddable":true,"href":"https:\/\/worldpassaporte.com\/cs\/wp-json\/wp\/v2\/comments?post=3155"}],"wp:featuredmedia":[{"embeddable":true,"href":"https:\/\/worldpassaporte.com\/cs\/wp-json\/wp\/v2\/media\/3154"}],"wp:attachment":[{"href":"https:\/\/worldpassaporte.com\/cs\/wp-json\/wp\/v2\/media?parent=3155"}],"wp:term":[{"taxonomy":"product_brand","embeddable":true,"href":"https:\/\/worldpassaporte.com\/cs\/wp-json\/wp\/v2\/product_brand?post=3155"},{"taxonomy":"product_cat","embeddable":true,"href":"https:\/\/worldpassaporte.com\/cs\/wp-json\/wp\/v2\/product_cat?post=3155"},{"taxonomy":"product_tag","embeddable":true,"href":"https:\/\/worldpassaporte.com\/cs\/wp-json\/wp\/v2\/product_tag?post=3155"}],"curies":[{"name":"wp","href":"https:\/\/api.w.org\/{rel}","templated":true}]}}