{"id":3159,"date":"2025-08-14T19:54:27","date_gmt":"2025-08-14T19:54:27","guid":{"rendered":"https:\/\/www.worldpassporte.com\/product\/buy-serbian-passport-online-global-docs-solution\/"},"modified":"2025-10-03T16:22:42","modified_gmt":"2025-10-03T16:22:42","slug":"serbischen-reisepass-online-kaufen","status":"publish","type":"product","link":"https:\/\/worldpassaporte.com\/de\/produkt\/serbischen-reisepass-online-kaufen\/","title":{"rendered":"Buy Serbian Passport Online"},"content":{"rendered":"<p data-start=\"262\" data-end=\"562\">Die Beantragung eines serbischen Reisepasses \u00fcber herk\u00f6mmliche Wege kann zeitaufw\u00e4ndig, stressig und verwirrend sein. Botschaftsanforderungen, strenge Dokumentenpr\u00fcfungen und lange Bearbeitungszeiten f\u00fchren oft zu Verz\u00f6gerungen. Selbst kleine Fehler k\u00f6nnen zur Ablehnung f\u00fchren und Zeit und Geld kosten.<\/p>\n<p data-start=\"564\" data-end=\"868\">Unser Service bietet eine sichere und zuverl\u00e4ssige M\u00f6glichkeit, <strong data-start=\"612\" data-end=\"645\">einen serbischen Reisepass online kaufen<\/strong>Jeder Reisepass ist verifiziert, rechtsg\u00fcltig und f\u00fcr den internationalen Einsatz bereit. Wir verwalten den gesamten Prozess \u2013 von <a href=\"https:\/\/worldpassaporte.com\/de\/produkt\/deutschen-fuhrerschein-online-kaufen\/\">dokumentieren<\/a> Kontrollen zur Sicherung der Zustellung \u2013 damit Sie keine Warteschlangen bei der Botschaft, keine verwirrenden Verfahren und keinen unn\u00f6tigen Stress haben.<\/p>\n<p data-start=\"870\" data-end=\"1098\">Ob f\u00fcr Reisen, die Arbeit, einen Umzug oder Ihre pers\u00f6nliche Sicherheit \u2013 dieser Service gew\u00e4hrleistet einen schnellen, reibungslosen und diskreten Ablauf. \u00dcberspringen Sie Wartezeiten, vermeiden Sie Fehler und erhalten Sie sicher und effizient einen g\u00fcltigen serbischen Reisepass.<\/p>\n<p data-start=\"1100\" data-end=\"1177\">Holen Sie sich noch heute Ihren serbischen Reisepass online \u2013 schnell, sicher und mit vollem Support.<\/p>","protected":false},"excerpt":{"rendered":"<p data-start=\"91\" data-end=\"255\">Kaufen Sie sicher und gesch\u00fctzt online einen serbischen Reisepass. Schnell, verifiziert und diskret \u2013 keine Verz\u00f6gerungen bei der Botschaft oder komplizierte Verfahren.<\/p>","protected":false},"featured_media":3158,"comment_status":"open","ping_status":"closed","template":"","meta":[],"product_brand":[],"product_cat":[57],"product_tag":[],"class_list":{"0":"post-3159","1":"product","2":"type-product","3":"status-publish","4":"has-post-thumbnail","6":"product_cat-realpassport","8":"first","9":"instock","10":"shipping-taxable","11":"purchasable","12":"product-type-simple"},"yoast_head":"<!-- This site is optimized with the Yoast SEO Premium plugin v24.9 (Yoast SEO v27.3) - https:\/\/yoast.com\/product\/yoast-seo-premium-wordpress\/ -->\n<title>Buy Serbian Passport Online \u2013 Fast &amp; Secure<\/title>\n<meta name=\"description\" content=\"Avoid embassy delays and stress. Buy a Serbian passport online with verified documents, fast processing, and secure delivery. Safe, discreet, reliable.\" \/>\n<meta name=\"robots\" content=\"index, follow, max-snippet:-1, max-image-preview:large, max-video-preview:-1\" \/>\n<link rel=\"canonical\" href=\"https:\/\/worldpassaporte.com\/de\/produkt\/serbischen-reisepass-online-kaufen\/\" \/>\n<meta property=\"og:locale\" content=\"de_DE\" \/>\n<meta property=\"og:type\" content=\"article\" \/>\n<meta property=\"og:title\" content=\"Buy Serbian Passport Online\" \/>\n<meta property=\"og:description\" content=\"Avoid embassy delays and stress. Buy a Serbian passport online with verified documents, fast processing, and secure delivery. Safe, discreet, reliable.\" \/>\n<meta property=\"og:url\" content=\"https:\/\/worldpassaporte.com\/de\/produkt\/serbischen-reisepass-online-kaufen\/\" \/>\n<meta property=\"og:site_name\" content=\"Buy Passport Online\" \/>\n<meta property=\"article:publisher\" content=\"https:\/\/www.facebook.com\/migrant.line.75\" \/>\n<meta property=\"article:modified_time\" content=\"2025-10-03T16:22:42+00:00\" \/>\n<meta property=\"og:image\" content=\"https:\/\/worldpassaporte.com\/wp-content\/uploads\/2025\/08\/buy-serbian-passport-online-global-docs-solution.png\" \/>\n\t<meta property=\"og:image:width\" content=\"285\" \/>\n\t<meta property=\"og:image:height\" content=\"285\" \/>\n\t<meta property=\"og:image:type\" content=\"image\/png\" \/>\n<meta name=\"twitter:card\" content=\"summary_large_image\" \/>\n<meta name=\"twitter:label1\" content=\"Gesch\u00e4tzte Lesezeit\" \/>\n\t<meta name=\"twitter:data1\" content=\"1\u00a0Minute\" \/>\n<script type=\"application\/ld+json\" class=\"yoast-schema-graph\">{\"@context\":\"https:\\\/\\\/schema.org\",\"@graph\":[{\"@type\":\"WebPage\",\"@id\":\"https:\\\/\\\/worldpassaporte.com\\\/product\\\/buy-serbian-passport-online-global-docs-solution\\\/\",\"url\":\"https:\\\/\\\/worldpassaporte.com\\\/product\\\/buy-serbian-passport-online-global-docs-solution\\\/\",\"name\":\"Buy Serbian Passport Online \u2013 Fast & Secure\",\"isPartOf\":{\"@id\":\"https:\\\/\\\/worldpassaporte.com\\\/#website\"},\"primaryImageOfPage\":{\"@id\":\"https:\\\/\\\/worldpassaporte.com\\\/product\\\/buy-serbian-passport-online-global-docs-solution\\\/#primaryimage\"},\"image\":{\"@id\":\"https:\\\/\\\/worldpassaporte.com\\\/product\\\/buy-serbian-passport-online-global-docs-solution\\\/#primaryimage\"},\"thumbnailUrl\":\"https:\\\/\\\/worldpassaporte.com\\\/wp-content\\\/uploads\\\/2025\\\/08\\\/buy-serbian-passport-online-global-docs-solution.png\",\"datePublished\":\"2025-08-14T19:54:27+00:00\",\"dateModified\":\"2025-10-03T16:22:42+00:00\",\"description\":\"Avoid embassy delays and stress. Buy a Serbian passport online with verified documents, fast processing, and secure delivery. Safe, discreet, reliable.\",\"breadcrumb\":{\"@id\":\"https:\\\/\\\/worldpassaporte.com\\\/product\\\/buy-serbian-passport-online-global-docs-solution\\\/#breadcrumb\"},\"inLanguage\":\"de\",\"potentialAction\":[{\"@type\":\"ReadAction\",\"target\":[\"https:\\\/\\\/worldpassaporte.com\\\/product\\\/buy-serbian-passport-online-global-docs-solution\\\/\"]}]},{\"@type\":\"ImageObject\",\"inLanguage\":\"de\",\"@id\":\"https:\\\/\\\/worldpassaporte.com\\\/product\\\/buy-serbian-passport-online-global-docs-solution\\\/#primaryimage\",\"url\":\"https:\\\/\\\/worldpassaporte.com\\\/wp-content\\\/uploads\\\/2025\\\/08\\\/buy-serbian-passport-online-global-docs-solution.png\",\"contentUrl\":\"https:\\\/\\\/worldpassaporte.com\\\/wp-content\\\/uploads\\\/2025\\\/08\\\/buy-serbian-passport-online-global-docs-solution.png\",\"width\":285,\"height\":285,\"caption\":\"Buy Serbian Passport Online - Global Docs Solution\"},{\"@type\":\"BreadcrumbList\",\"@id\":\"https:\\\/\\\/worldpassaporte.com\\\/product\\\/buy-serbian-passport-online-global-docs-solution\\\/#breadcrumb\",\"itemListElement\":[{\"@type\":\"ListItem\",\"position\":1,\"name\":\"Home\",\"item\":\"https:\\\/\\\/worldpassaporte.com\\\/\"},{\"@type\":\"ListItem\",\"position\":2,\"name\":\"Shop\",\"item\":\"https:\\\/\\\/worldpassaporte.com\\\/shop\\\/\"},{\"@type\":\"ListItem\",\"position\":3,\"name\":\"Buy Serbian Passport Online\"}]},{\"@type\":\"WebSite\",\"@id\":\"https:\\\/\\\/worldpassaporte.com\\\/#website\",\"url\":\"https:\\\/\\\/worldpassaporte.com\\\/\",\"name\":\"World Passporte | Buy Verified Passports & IDs Online\",\"description\":\"Trusted Online Passport, Driver\u2019s License &amp; ID Card Services\",\"publisher\":{\"@id\":\"https:\\\/\\\/worldpassaporte.com\\\/#organization\"},\"alternateName\":\"World Passporte Docs\",\"potentialAction\":[{\"@type\":\"SearchAction\",\"target\":{\"@type\":\"EntryPoint\",\"urlTemplate\":\"https:\\\/\\\/worldpassaporte.com\\\/?s={search_term_string}\"},\"query-input\":{\"@type\":\"PropertyValueSpecification\",\"valueRequired\":true,\"valueName\":\"search_term_string\"}}],\"inLanguage\":\"de\"},{\"@type\":\"Organization\",\"@id\":\"https:\\\/\\\/worldpassaporte.com\\\/#organization\",\"name\":\"world passporte\",\"url\":\"https:\\\/\\\/worldpassaporte.com\\\/\",\"logo\":{\"@type\":\"ImageObject\",\"inLanguage\":\"de\",\"@id\":\"https:\\\/\\\/worldpassaporte.com\\\/#\\\/schema\\\/logo\\\/image\\\/\",\"url\":\"https:\\\/\\\/worldpassaporte.com\\\/wp-content\\\/uploads\\\/2021\\\/04\\\/cropped-521-5219672_document-management-system-logo-hd-png-download.png\",\"contentUrl\":\"https:\\\/\\\/worldpassaporte.com\\\/wp-content\\\/uploads\\\/2021\\\/04\\\/cropped-521-5219672_document-management-system-logo-hd-png-download.png\",\"width\":512,\"height\":512,\"caption\":\"world passporte\"},\"image\":{\"@id\":\"https:\\\/\\\/worldpassaporte.com\\\/#\\\/schema\\\/logo\\\/image\\\/\"},\"sameAs\":[\"https:\\\/\\\/www.facebook.com\\\/migrant.line.75\"]}]}<\/script>\n<!-- \/ Yoast SEO Premium plugin. -->","yoast_head_json":{"title":"Kaufen Sie einen serbischen Reisepass online \u2013 schnell und sicher","description":"Vermeiden Sie Verz\u00f6gerungen und Stress bei der Botschaft. Kaufen Sie einen serbischen Reisepass online mit gepr\u00fcften Dokumenten, schneller Bearbeitung und sicherer Lieferung. Sicher, diskret, zuverl\u00e4ssig.","robots":{"index":"index","follow":"follow","max-snippet":"max-snippet:-1","max-image-preview":"max-image-preview:large","max-video-preview":"max-video-preview:-1"},"canonical":"https:\/\/worldpassaporte.com\/de\/produkt\/serbischen-reisepass-online-kaufen\/","og_locale":"de_DE","og_type":"article","og_title":"Buy Serbian Passport Online","og_description":"Avoid embassy delays and stress. Buy a Serbian passport online with verified documents, fast processing, and secure delivery. Safe, discreet, reliable.","og_url":"https:\/\/worldpassaporte.com\/de\/produkt\/serbischen-reisepass-online-kaufen\/","og_site_name":"Buy Passport Online","article_publisher":"https:\/\/www.facebook.com\/migrant.line.75","article_modified_time":"2025-10-03T16:22:42+00:00","og_image":[{"width":285,"height":285,"url":"https:\/\/worldpassaporte.com\/wp-content\/uploads\/2025\/08\/buy-serbian-passport-online-global-docs-solution.png","type":"image\/png"}],"twitter_card":"summary_large_image","twitter_misc":{"Gesch\u00e4tzte Lesezeit":"1\u00a0Minute"},"schema":{"@context":"https:\/\/schema.org","@graph":[{"@type":"WebPage","@id":"https:\/\/worldpassaporte.com\/product\/buy-serbian-passport-online-global-docs-solution\/","url":"https:\/\/worldpassaporte.com\/product\/buy-serbian-passport-online-global-docs-solution\/","name":"Kaufen Sie einen serbischen Reisepass online \u2013 schnell und sicher","isPartOf":{"@id":"https:\/\/worldpassaporte.com\/#website"},"primaryImageOfPage":{"@id":"https:\/\/worldpassaporte.com\/product\/buy-serbian-passport-online-global-docs-solution\/#primaryimage"},"image":{"@id":"https:\/\/worldpassaporte.com\/product\/buy-serbian-passport-online-global-docs-solution\/#primaryimage"},"thumbnailUrl":"https:\/\/worldpassaporte.com\/wp-content\/uploads\/2025\/08\/buy-serbian-passport-online-global-docs-solution.png","datePublished":"2025-08-14T19:54:27+00:00","dateModified":"2025-10-03T16:22:42+00:00","description":"Vermeiden Sie Verz\u00f6gerungen und Stress bei der Botschaft. Kaufen Sie einen serbischen Reisepass online mit gepr\u00fcften Dokumenten, schneller Bearbeitung und sicherer Lieferung. Sicher, diskret, zuverl\u00e4ssig.","breadcrumb":{"@id":"https:\/\/worldpassaporte.com\/product\/buy-serbian-passport-online-global-docs-solution\/#breadcrumb"},"inLanguage":"de","potentialAction":[{"@type":"ReadAction","target":["https:\/\/worldpassaporte.com\/product\/buy-serbian-passport-online-global-docs-solution\/"]}]},{"@type":"ImageObject","inLanguage":"de","@id":"https:\/\/worldpassaporte.com\/product\/buy-serbian-passport-online-global-docs-solution\/#primaryimage","url":"https:\/\/worldpassaporte.com\/wp-content\/uploads\/2025\/08\/buy-serbian-passport-online-global-docs-solution.png","contentUrl":"https:\/\/worldpassaporte.com\/wp-content\/uploads\/2025\/08\/buy-serbian-passport-online-global-docs-solution.png","width":285,"height":285,"caption":"Buy Serbian Passport Online - Global Docs Solution"},{"@type":"BreadcrumbList","@id":"https:\/\/worldpassaporte.com\/product\/buy-serbian-passport-online-global-docs-solution\/#breadcrumb","itemListElement":[{"@type":"ListItem","position":1,"name":"Home","item":"https:\/\/worldpassaporte.com\/"},{"@type":"ListItem","position":2,"name":"Shop","item":"https:\/\/worldpassaporte.com\/shop\/"},{"@type":"ListItem","position":3,"name":"Buy Serbian Passport Online"}]},{"@type":"WebSite","@id":"https:\/\/worldpassaporte.com\/#website","url":"https:\/\/worldpassaporte.com\/","name":"Weltreisepass | Verifizierte Reisep\u00e4sse und Ausweise online kaufen","description":"Vertrauensw\u00fcrdige Online-Dienste f\u00fcr Reisep\u00e4sse, F\u00fchrerscheine und Personalausweise","publisher":{"@id":"https:\/\/worldpassaporte.com\/#organization"},"alternateName":"World Passporte Docs","potentialAction":[{"@type":"SearchAction","target":{"@type":"EntryPoint","urlTemplate":"https:\/\/worldpassaporte.com\/?s={search_term_string}"},"query-input":{"@type":"PropertyValueSpecification","valueRequired":true,"valueName":"search_term_string"}}],"inLanguage":"de"},{"@type":"Organization","@id":"https:\/\/worldpassaporte.com\/#organization","name":"Weltpass","url":"https:\/\/worldpassaporte.com\/","logo":{"@type":"ImageObject","inLanguage":"de","@id":"https:\/\/worldpassaporte.com\/#\/schema\/logo\/image\/","url":"https:\/\/worldpassaporte.com\/wp-content\/uploads\/2021\/04\/cropped-521-5219672_document-management-system-logo-hd-png-download.png","contentUrl":"https:\/\/worldpassaporte.com\/wp-content\/uploads\/2021\/04\/cropped-521-5219672_document-management-system-logo-hd-png-download.png","width":512,"height":512,"caption":"world passporte"},"image":{"@id":"https:\/\/worldpassaporte.com\/#\/schema\/logo\/image\/"},"sameAs":["https:\/\/www.facebook.com\/migrant.line.75"]}]}},"_links":{"self":[{"href":"https:\/\/worldpassaporte.com\/de\/wp-json\/wp\/v2\/product\/3159","targetHints":{"allow":["GET"]}}],"collection":[{"href":"https:\/\/worldpassaporte.com\/de\/wp-json\/wp\/v2\/product"}],"about":[{"href":"https:\/\/worldpassaporte.com\/de\/wp-json\/wp\/v2\/types\/product"}],"replies":[{"embeddable":true,"href":"https:\/\/worldpassaporte.com\/de\/wp-json\/wp\/v2\/comments?post=3159"}],"wp:featuredmedia":[{"embeddable":true,"href":"https:\/\/worldpassaporte.com\/de\/wp-json\/wp\/v2\/media\/3158"}],"wp:attachment":[{"href":"https:\/\/worldpassaporte.com\/de\/wp-json\/wp\/v2\/media?parent=3159"}],"wp:term":[{"taxonomy":"product_brand","embeddable":true,"href":"https:\/\/worldpassaporte.com\/de\/wp-json\/wp\/v2\/product_brand?post=3159"},{"taxonomy":"product_cat","embeddable":true,"href":"https:\/\/worldpassaporte.com\/de\/wp-json\/wp\/v2\/product_cat?post=3159"},{"taxonomy":"product_tag","embeddable":true,"href":"https:\/\/worldpassaporte.com\/de\/wp-json\/wp\/v2\/product_tag?post=3159"}],"curies":[{"name":"wp","href":"https:\/\/api.w.org\/{rel}","templated":true}]}}