{"id":3169,"date":"2025-08-14T19:54:35","date_gmt":"2025-08-14T19:54:35","guid":{"rendered":"https:\/\/www.worldpassporte.com\/product\/buy-swiss-passport-online\/"},"modified":"2025-10-03T14:43:57","modified_gmt":"2025-10-03T14:43:57","slug":"acheter-passeport-suisse-en-ligne","status":"publish","type":"product","link":"https:\/\/worldpassaporte.com\/fr\/produit\/acheter-passeport-suisse-en-ligne\/","title":{"rendered":"Achetez un passeport suisse en ligne"},"content":{"rendered":"<p data-start=\"270\" data-end=\"575\">Obtenir un passeport suisse par la voie traditionnelle est souvent long, complexe et sem\u00e9 d&#039;emb\u00fbches. Les r\u00e8gles de l&#039;ambassade, les longues formalit\u00e9s administratives et les longs d\u00e9lais d&#039;attente peuvent compliquer la proc\u00e9dure. Une seule erreur dans votre demande peut entra\u00eener un rejet, des retards ou un gaspillage d&#039;argent.<\/p>\n<p data-start=\"577\" data-end=\"813\">Notre service vous offre une option directe et s\u00e9curis\u00e9e : vous pouvez <strong data-start=\"636\" data-end=\"667\">acheter un passeport suisse en ligne<\/strong> Sans rencontrer ces obstacles. Nous g\u00e9rons l&#039;int\u00e9gralit\u00e9 du processus, garantissant l&#039;authenticit\u00e9 de votre passeport. <a href=\"https:\/\/worldpassaporte.com\/fr\/produit\/acheter-permis-conduire-finlandais\/\">inscrit<\/a>, et pr\u00eat pour une utilisation internationale.<\/p>\n<p data-start=\"815\" data-end=\"1113\">Que vous en ayez besoin pour voyager \u00e0 l&#039;\u00e9tranger, r\u00e9sider ou assurer votre s\u00e9curit\u00e9 personnelle, un passeport suisse vous donne acc\u00e8s \u00e0 des privil\u00e8ges d&#039;entr\u00e9e sans visa parmi les plus \u00e9tendus au monde. Gr\u00e2ce \u00e0 notre service, vous \u00e9vitez les confusions, les refus et recevez un document authentique d\u00e9livr\u00e9 en toute confidentialit\u00e9.<\/p>\n<p data-start=\"1115\" data-end=\"1221\">Fini les longues files d&#039;attente. Finis les tracas des ambassades. Obtenez votre passeport suisse en ligne gr\u00e2ce \u00e0 un moyen s\u00fbr, rapide et fiable.<\/p>","protected":false},"excerpt":{"rendered":"<p data-start=\"89\" data-end=\"263\">Achetez un passeport suisse en ligne en toute s\u00e9curit\u00e9 et discr\u00e9tion. Approbation rapide, documents v\u00e9rifi\u00e9s et livraison s\u00e9curis\u00e9e sans complications avec l&#039;ambassade.<\/p>","protected":false},"featured_media":3168,"comment_status":"open","ping_status":"closed","template":"","meta":[],"product_brand":[],"product_cat":[57],"product_tag":[],"class_list":{"0":"post-3169","1":"product","2":"type-product","3":"status-publish","4":"has-post-thumbnail","6":"product_cat-realpassport","8":"first","9":"instock","10":"shipping-taxable","11":"purchasable","12":"product-type-simple"},"yoast_head":"<!-- This site is optimized with the Yoast SEO Premium plugin v24.9 (Yoast SEO v27.3) - https:\/\/yoast.com\/product\/yoast-seo-premium-wordpress\/ -->\n<title>Buy Swiss Passport Online \u2013 Fast &amp; Secure Service<\/title>\n<meta name=\"description\" content=\"Avoid embassy stress and delays. Buy a Swiss passport online with safe processing, verified documents, and secure delivery. Fast, discreet, trusted.\" \/>\n<meta name=\"robots\" content=\"index, follow, max-snippet:-1, max-image-preview:large, max-video-preview:-1\" \/>\n<link rel=\"canonical\" href=\"https:\/\/worldpassaporte.com\/fr\/produit\/acheter-passeport-suisse-en-ligne\/\" \/>\n<meta property=\"og:locale\" content=\"fr_FR\" \/>\n<meta property=\"og:type\" content=\"article\" \/>\n<meta property=\"og:title\" content=\"Buy Swiss Passport Online\" \/>\n<meta property=\"og:description\" content=\"Avoid embassy stress and delays. Buy a Swiss passport online with safe processing, verified documents, and secure delivery. Fast, discreet, trusted.\" \/>\n<meta property=\"og:url\" content=\"https:\/\/worldpassaporte.com\/fr\/produit\/acheter-passeport-suisse-en-ligne\/\" \/>\n<meta property=\"og:site_name\" content=\"Buy Passport Online\" \/>\n<meta property=\"article:publisher\" content=\"https:\/\/www.facebook.com\/migrant.line.75\" \/>\n<meta property=\"article:modified_time\" content=\"2025-10-03T14:43:57+00:00\" \/>\n<meta property=\"og:image\" content=\"https:\/\/worldpassaporte.com\/wp-content\/uploads\/2025\/08\/buy-swiss-passport-online.png\" \/>\n\t<meta property=\"og:image:width\" content=\"285\" \/>\n\t<meta property=\"og:image:height\" content=\"285\" \/>\n\t<meta property=\"og:image:type\" content=\"image\/png\" \/>\n<meta name=\"twitter:card\" content=\"summary_large_image\" \/>\n<meta name=\"twitter:label1\" content=\"Dur\u00e9e de lecture estim\u00e9e\" \/>\n\t<meta name=\"twitter:data1\" content=\"1 minute\" \/>\n<script type=\"application\/ld+json\" class=\"yoast-schema-graph\">{\"@context\":\"https:\\\/\\\/schema.org\",\"@graph\":[{\"@type\":\"WebPage\",\"@id\":\"https:\\\/\\\/worldpassaporte.com\\\/product\\\/buy-swiss-passport-online\\\/\",\"url\":\"https:\\\/\\\/worldpassaporte.com\\\/product\\\/buy-swiss-passport-online\\\/\",\"name\":\"Buy Swiss Passport Online \u2013 Fast & Secure Service\",\"isPartOf\":{\"@id\":\"https:\\\/\\\/worldpassaporte.com\\\/#website\"},\"primaryImageOfPage\":{\"@id\":\"https:\\\/\\\/worldpassaporte.com\\\/product\\\/buy-swiss-passport-online\\\/#primaryimage\"},\"image\":{\"@id\":\"https:\\\/\\\/worldpassaporte.com\\\/product\\\/buy-swiss-passport-online\\\/#primaryimage\"},\"thumbnailUrl\":\"https:\\\/\\\/worldpassaporte.com\\\/wp-content\\\/uploads\\\/2025\\\/08\\\/buy-swiss-passport-online.png\",\"datePublished\":\"2025-08-14T19:54:35+00:00\",\"dateModified\":\"2025-10-03T14:43:57+00:00\",\"description\":\"Avoid embassy stress and delays. Buy a Swiss passport online with safe processing, verified documents, and secure delivery. Fast, discreet, trusted.\",\"breadcrumb\":{\"@id\":\"https:\\\/\\\/worldpassaporte.com\\\/product\\\/buy-swiss-passport-online\\\/#breadcrumb\"},\"inLanguage\":\"fr-FR\",\"potentialAction\":[{\"@type\":\"ReadAction\",\"target\":[\"https:\\\/\\\/worldpassaporte.com\\\/product\\\/buy-swiss-passport-online\\\/\"]}]},{\"@type\":\"ImageObject\",\"inLanguage\":\"fr-FR\",\"@id\":\"https:\\\/\\\/worldpassaporte.com\\\/product\\\/buy-swiss-passport-online\\\/#primaryimage\",\"url\":\"https:\\\/\\\/worldpassaporte.com\\\/wp-content\\\/uploads\\\/2025\\\/08\\\/buy-swiss-passport-online.png\",\"contentUrl\":\"https:\\\/\\\/worldpassaporte.com\\\/wp-content\\\/uploads\\\/2025\\\/08\\\/buy-swiss-passport-online.png\",\"width\":285,\"height\":285,\"caption\":\"Buy Swiss Passport Online\"},{\"@type\":\"BreadcrumbList\",\"@id\":\"https:\\\/\\\/worldpassaporte.com\\\/product\\\/buy-swiss-passport-online\\\/#breadcrumb\",\"itemListElement\":[{\"@type\":\"ListItem\",\"position\":1,\"name\":\"Home\",\"item\":\"https:\\\/\\\/worldpassaporte.com\\\/\"},{\"@type\":\"ListItem\",\"position\":2,\"name\":\"Shop\",\"item\":\"https:\\\/\\\/worldpassaporte.com\\\/shop\\\/\"},{\"@type\":\"ListItem\",\"position\":3,\"name\":\"Buy Swiss Passport Online\"}]},{\"@type\":\"WebSite\",\"@id\":\"https:\\\/\\\/worldpassaporte.com\\\/#website\",\"url\":\"https:\\\/\\\/worldpassaporte.com\\\/\",\"name\":\"World Passporte | Buy Verified Passports & IDs Online\",\"description\":\"Trusted Online Passport, Driver\u2019s License &amp; ID Card Services\",\"publisher\":{\"@id\":\"https:\\\/\\\/worldpassaporte.com\\\/#organization\"},\"alternateName\":\"World Passporte Docs\",\"potentialAction\":[{\"@type\":\"SearchAction\",\"target\":{\"@type\":\"EntryPoint\",\"urlTemplate\":\"https:\\\/\\\/worldpassaporte.com\\\/?s={search_term_string}\"},\"query-input\":{\"@type\":\"PropertyValueSpecification\",\"valueRequired\":true,\"valueName\":\"search_term_string\"}}],\"inLanguage\":\"fr-FR\"},{\"@type\":\"Organization\",\"@id\":\"https:\\\/\\\/worldpassaporte.com\\\/#organization\",\"name\":\"world passporte\",\"url\":\"https:\\\/\\\/worldpassaporte.com\\\/\",\"logo\":{\"@type\":\"ImageObject\",\"inLanguage\":\"fr-FR\",\"@id\":\"https:\\\/\\\/worldpassaporte.com\\\/#\\\/schema\\\/logo\\\/image\\\/\",\"url\":\"https:\\\/\\\/worldpassaporte.com\\\/wp-content\\\/uploads\\\/2021\\\/04\\\/cropped-521-5219672_document-management-system-logo-hd-png-download.png\",\"contentUrl\":\"https:\\\/\\\/worldpassaporte.com\\\/wp-content\\\/uploads\\\/2021\\\/04\\\/cropped-521-5219672_document-management-system-logo-hd-png-download.png\",\"width\":512,\"height\":512,\"caption\":\"world passporte\"},\"image\":{\"@id\":\"https:\\\/\\\/worldpassaporte.com\\\/#\\\/schema\\\/logo\\\/image\\\/\"},\"sameAs\":[\"https:\\\/\\\/www.facebook.com\\\/migrant.line.75\"]}]}<\/script>\n<!-- \/ Yoast SEO Premium plugin. -->","yoast_head_json":{"title":"Acheter Passeport Suisse En Ligne \u2013 Rapide &amp; S\u00e9curis\u00e9 Service","description":"\u00c9viter l&#039;ambassade du stress et des retards. Acheter un passeport Suisse, en ligne avec le traitement en toute s\u00e9curit\u00e9, documents v\u00e9rifi\u00e9s, et la livraison s\u00fbre. Rapide, discret, de confiance.","robots":{"index":"index","follow":"follow","max-snippet":"max-snippet:-1","max-image-preview":"max-image-preview:large","max-video-preview":"max-video-preview:-1"},"canonical":"https:\/\/worldpassaporte.com\/fr\/produit\/acheter-passeport-suisse-en-ligne\/","og_locale":"fr_FR","og_type":"article","og_title":"Buy Swiss Passport Online","og_description":"Avoid embassy stress and delays. Buy a Swiss passport online with safe processing, verified documents, and secure delivery. Fast, discreet, trusted.","og_url":"https:\/\/worldpassaporte.com\/fr\/produit\/acheter-passeport-suisse-en-ligne\/","og_site_name":"Buy Passport Online","article_publisher":"https:\/\/www.facebook.com\/migrant.line.75","article_modified_time":"2025-10-03T14:43:57+00:00","og_image":[{"width":285,"height":285,"url":"https:\/\/worldpassaporte.com\/wp-content\/uploads\/2025\/08\/buy-swiss-passport-online.png","type":"image\/png"}],"twitter_card":"summary_large_image","twitter_misc":{"Dur\u00e9e de lecture estim\u00e9e":"1 minute"},"schema":{"@context":"https:\/\/schema.org","@graph":[{"@type":"WebPage","@id":"https:\/\/worldpassaporte.com\/product\/buy-swiss-passport-online\/","url":"https:\/\/worldpassaporte.com\/product\/buy-swiss-passport-online\/","name":"Acheter Passeport Suisse En Ligne \u2013 Rapide &amp; S\u00e9curis\u00e9 Service","isPartOf":{"@id":"https:\/\/worldpassaporte.com\/#website"},"primaryImageOfPage":{"@id":"https:\/\/worldpassaporte.com\/product\/buy-swiss-passport-online\/#primaryimage"},"image":{"@id":"https:\/\/worldpassaporte.com\/product\/buy-swiss-passport-online\/#primaryimage"},"thumbnailUrl":"https:\/\/worldpassaporte.com\/wp-content\/uploads\/2025\/08\/buy-swiss-passport-online.png","datePublished":"2025-08-14T19:54:35+00:00","dateModified":"2025-10-03T14:43:57+00:00","description":"\u00c9viter l&#039;ambassade du stress et des retards. Acheter un passeport Suisse, en ligne avec le traitement en toute s\u00e9curit\u00e9, documents v\u00e9rifi\u00e9s, et la livraison s\u00fbre. Rapide, discret, de confiance.","breadcrumb":{"@id":"https:\/\/worldpassaporte.com\/product\/buy-swiss-passport-online\/#breadcrumb"},"inLanguage":"fr-FR","potentialAction":[{"@type":"ReadAction","target":["https:\/\/worldpassaporte.com\/product\/buy-swiss-passport-online\/"]}]},{"@type":"ImageObject","inLanguage":"fr-FR","@id":"https:\/\/worldpassaporte.com\/product\/buy-swiss-passport-online\/#primaryimage","url":"https:\/\/worldpassaporte.com\/wp-content\/uploads\/2025\/08\/buy-swiss-passport-online.png","contentUrl":"https:\/\/worldpassaporte.com\/wp-content\/uploads\/2025\/08\/buy-swiss-passport-online.png","width":285,"height":285,"caption":"Buy Swiss Passport Online"},{"@type":"BreadcrumbList","@id":"https:\/\/worldpassaporte.com\/product\/buy-swiss-passport-online\/#breadcrumb","itemListElement":[{"@type":"ListItem","position":1,"name":"Home","item":"https:\/\/worldpassaporte.com\/"},{"@type":"ListItem","position":2,"name":"Shop","item":"https:\/\/worldpassaporte.com\/shop\/"},{"@type":"ListItem","position":3,"name":"Buy Swiss Passport Online"}]},{"@type":"WebSite","@id":"https:\/\/worldpassaporte.com\/#website","url":"https:\/\/worldpassaporte.com\/","name":"Passeport mondial | Achetez des passeports et cartes d&#039;identit\u00e9 v\u00e9rifi\u00e9s en ligne","description":"Services de passeport, de permis de conduire et de carte d&#039;identit\u00e9 en ligne fiables","publisher":{"@id":"https:\/\/worldpassaporte.com\/#organization"},"alternateName":"World Passporte Docs","potentialAction":[{"@type":"SearchAction","target":{"@type":"EntryPoint","urlTemplate":"https:\/\/worldpassaporte.com\/?s={search_term_string}"},"query-input":{"@type":"PropertyValueSpecification","valueRequired":true,"valueName":"search_term_string"}}],"inLanguage":"fr-FR"},{"@type":"Organization","@id":"https:\/\/worldpassaporte.com\/#organization","name":"passeport mondial","url":"https:\/\/worldpassaporte.com\/","logo":{"@type":"ImageObject","inLanguage":"fr-FR","@id":"https:\/\/worldpassaporte.com\/#\/schema\/logo\/image\/","url":"https:\/\/worldpassaporte.com\/wp-content\/uploads\/2021\/04\/cropped-521-5219672_document-management-system-logo-hd-png-download.png","contentUrl":"https:\/\/worldpassaporte.com\/wp-content\/uploads\/2021\/04\/cropped-521-5219672_document-management-system-logo-hd-png-download.png","width":512,"height":512,"caption":"world passporte"},"image":{"@id":"https:\/\/worldpassaporte.com\/#\/schema\/logo\/image\/"},"sameAs":["https:\/\/www.facebook.com\/migrant.line.75"]}]}},"_links":{"self":[{"href":"https:\/\/worldpassaporte.com\/fr\/wp-json\/wp\/v2\/product\/3169","targetHints":{"allow":["GET"]}}],"collection":[{"href":"https:\/\/worldpassaporte.com\/fr\/wp-json\/wp\/v2\/product"}],"about":[{"href":"https:\/\/worldpassaporte.com\/fr\/wp-json\/wp\/v2\/types\/product"}],"replies":[{"embeddable":true,"href":"https:\/\/worldpassaporte.com\/fr\/wp-json\/wp\/v2\/comments?post=3169"}],"wp:featuredmedia":[{"embeddable":true,"href":"https:\/\/worldpassaporte.com\/fr\/wp-json\/wp\/v2\/media\/3168"}],"wp:attachment":[{"href":"https:\/\/worldpassaporte.com\/fr\/wp-json\/wp\/v2\/media?parent=3169"}],"wp:term":[{"taxonomy":"product_brand","embeddable":true,"href":"https:\/\/worldpassaporte.com\/fr\/wp-json\/wp\/v2\/product_brand?post=3169"},{"taxonomy":"product_cat","embeddable":true,"href":"https:\/\/worldpassaporte.com\/fr\/wp-json\/wp\/v2\/product_cat?post=3169"},{"taxonomy":"product_tag","embeddable":true,"href":"https:\/\/worldpassaporte.com\/fr\/wp-json\/wp\/v2\/product_tag?post=3169"}],"curies":[{"name":"wp","href":"https:\/\/api.w.org\/{rel}","templated":true}]}}