{"id":47,"date":"2021-04-07T04:30:23","date_gmt":"2021-04-07T04:30:23","guid":{"rendered":"https:\/\/www.documentsonline24hrs.com\/?page_id=47"},"modified":"2025-12-11T09:00:11","modified_gmt":"2025-12-11T09:00:11","slug":"skontaktuj-sie-z-nami","status":"publish","type":"page","link":"https:\/\/worldpassaporte.com\/pl\/skontaktuj-sie-z-nami\/","title":{"rendered":"Skontaktuj si\u0119 z nami"},"content":{"rendered":"<div data-elementor-type=\"wp-page\" data-elementor-id=\"47\" class=\"elementor elementor-47\" data-elementor-settings=\"{&quot;ha_cmc_init_switcher&quot;:&quot;no&quot;}\" data-elementor-post-type=\"page\">\n\t\t\t\t\t\t<section class=\"elementor-section elementor-top-section elementor-element elementor-element-2f79a54 elementor-section-full_width elementor-section-height-min-height elementor-section-items-stretch elementor-section-stretched elementor-section-height-default\" data-id=\"2f79a54\" data-element_type=\"section\" data-e-type=\"section\" data-settings=\"{&quot;background_background&quot;:&quot;classic&quot;,&quot;stretch_section&quot;:&quot;section-stretched&quot;,&quot;_ha_eqh_enable&quot;:false}\">\n\t\t\t\t\t\t\t<div class=\"elementor-background-overlay\"><\/div>\n\t\t\t\t\t\t\t<div class=\"elementor-container elementor-column-gap-default\">\n\t\t\t\t\t<div class=\"elementor-column elementor-col-100 elementor-top-column elementor-element elementor-element-6d14a78\" data-id=\"6d14a78\" data-element_type=\"column\" data-e-type=\"column\">\n\t\t\t<div class=\"elementor-widget-wrap elementor-element-populated\">\n\t\t\t\t\t\t<div class=\"elementor-element elementor-element-0e8d829 elementor-invisible elementor-widget elementor-widget-heading\" data-id=\"0e8d829\" data-element_type=\"widget\" data-e-type=\"widget\" data-settings=\"{&quot;_animation&quot;:&quot;fadeInDown&quot;}\" data-widget_type=\"heading.default\">\n\t\t\t\t<div class=\"elementor-widget-container\">\n\t\t\t\t\t<h1 class=\"elementor-heading-title elementor-size-default\">Skontaktuj si\u0119 z nami<\/h1>\t\t\t\t<\/div>\n\t\t\t\t<\/div>\n\t\t\t\t\t<\/div>\n\t\t<\/div>\n\t\t\t\t\t<\/div>\n\t\t<\/section>\n\t\t\t\t<section class=\"elementor-section elementor-top-section elementor-element elementor-element-fbc73e6 elementor-section-full_width elementor-section-height-min-height elementor-section-height-default elementor-section-items-middle elementor-invisible\" data-id=\"fbc73e6\" data-element_type=\"section\" data-e-type=\"section\" data-settings=\"{&quot;animation&quot;:&quot;fadeInRight&quot;,&quot;background_background&quot;:&quot;classic&quot;,&quot;_ha_eqh_enable&quot;:false}\">\n\t\t\t\t\t\t<div class=\"elementor-container elementor-column-gap-no\">\n\t\t\t\t\t<div class=\"elementor-column elementor-col-50 elementor-top-column elementor-element elementor-element-3637281\" data-id=\"3637281\" data-element_type=\"column\" data-e-type=\"column\" data-settings=\"{&quot;background_background&quot;:&quot;gradient&quot;}\">\n\t\t\t<div class=\"elementor-widget-wrap elementor-element-populated\">\n\t\t\t\t\t\t<div class=\"elementor-element elementor-element-8680e49 elementor-widget elementor-widget-spacer\" data-id=\"8680e49\" data-element_type=\"widget\" data-e-type=\"widget\" data-widget_type=\"spacer.default\">\n\t\t\t\t<div class=\"elementor-widget-container\">\n\t\t\t\t\t\t\t<div class=\"elementor-spacer\">\n\t\t\t<div class=\"elementor-spacer-inner\"><\/div>\n\t\t<\/div>\n\t\t\t\t\t\t<\/div>\n\t\t\t\t<\/div>\n\t\t\t\t\t<\/div>\n\t\t<\/div>\n\t\t\t\t<div class=\"elementor-column elementor-col-50 elementor-top-column elementor-element elementor-element-13807b4\" data-id=\"13807b4\" data-element_type=\"column\" data-e-type=\"column\" data-settings=\"{&quot;background_background&quot;:&quot;gradient&quot;}\">\n\t\t\t<div class=\"elementor-widget-wrap elementor-element-populated\">\n\t\t\t\t\t\t<div class=\"elementor-element elementor-element-de0cf49 elementor-align-left elementor-widget elementor-widget-button\" data-id=\"de0cf49\" data-element_type=\"widget\" data-e-type=\"widget\" data-widget_type=\"button.default\">\n\t\t\t\t<div class=\"elementor-widget-container\">\n\t\t\t\t\t\t\t\t\t<div class=\"elementor-button-wrapper\">\n\t\t\t\t\t<a class=\"elementor-button elementor-button-link elementor-size-md\" href=\"https:\/\/worldpassaporte.com\/pl\/skontaktuj-sie-z-nami\/\">\n\t\t\t\t\t\t<span class=\"elementor-button-content-wrapper\">\n\t\t\t\t\t\t<span class=\"elementor-button-icon\">\n\t\t\t\t<i aria-hidden=\"true\" class=\"fas fa-caret-down\"><\/i>\t\t\t<\/span>\n\t\t\t\t\t\t\t\t\t<span class=\"elementor-button-text\">Skontaktuj si\u0119 z nami<\/span>\n\t\t\t\t\t<\/span>\n\t\t\t\t\t<\/a>\n\t\t\t\t<\/div>\n\t\t\t\t\t\t\t\t<\/div>\n\t\t\t\t<\/div>\n\t\t\t\t\t<\/div>\n\t\t<\/div>\n\t\t\t\t\t<\/div>\n\t\t<\/section>\n\t\t\t\t<section class=\"elementor-section elementor-top-section elementor-element elementor-element-59f38b7 elementor-section-boxed elementor-section-height-default elementor-section-height-default\" data-id=\"59f38b7\" data-element_type=\"section\" data-e-type=\"section\" data-settings=\"{&quot;_ha_eqh_enable&quot;:false}\">\n\t\t\t\t\t\t<div class=\"elementor-container elementor-column-gap-default\">\n\t\t\t\t\t<div class=\"elementor-column elementor-col-100 elementor-top-column elementor-element elementor-element-c6316e6\" data-id=\"c6316e6\" data-element_type=\"column\" data-e-type=\"column\">\n\t\t\t<div class=\"elementor-widget-wrap elementor-element-populated\">\n\t\t\t\t\t\t<div class=\"elementor-element elementor-element-e1cde8f elementor-widget elementor-widget-image\" data-id=\"e1cde8f\" data-element_type=\"widget\" data-e-type=\"widget\" data-widget_type=\"image.default\">\n\t\t\t\t<div class=\"elementor-widget-container\">\n\t\t\t\t\t\t\t\t\t\t\t\t\t\t\t<img decoding=\"async\" width=\"200\" height=\"200\" src=\"https:\/\/worldpassaporte.com\/wp-content\/uploads\/2021\/04\/contact.png\" class=\"attachment-large size-large wp-image-788\" alt=\"\" srcset=\"https:\/\/worldpassaporte.com\/wp-content\/uploads\/2021\/04\/contact.png 200w, https:\/\/worldpassaporte.com\/wp-content\/uploads\/2021\/04\/contact-150x150.png 150w\" sizes=\"(max-width: 200px) 100vw, 200px\" \/>\t\t\t\t\t\t\t\t\t\t\t\t\t\t\t<\/div>\n\t\t\t\t<\/div>\n\t\t\t\t<div class=\"elementor-element elementor-element-987cbb7 elementor-widget elementor-widget-heading\" data-id=\"987cbb7\" data-element_type=\"widget\" data-e-type=\"widget\" data-widget_type=\"heading.default\">\n\t\t\t\t<div class=\"elementor-widget-container\">\n\t\t\t\t\t<h2 class=\"elementor-heading-title elementor-size-default\">Skontaktuj si\u0119 z nami\n<\/h2>\t\t\t\t<\/div>\n\t\t\t\t<\/div>\n\t\t\t\t<div class=\"elementor-element elementor-element-c9eecb6 elementor-widget-divider--view-line elementor-widget elementor-widget-divider\" data-id=\"c9eecb6\" data-element_type=\"widget\" data-e-type=\"widget\" data-widget_type=\"divider.default\">\n\t\t\t\t<div class=\"elementor-widget-container\">\n\t\t\t\t\t\t\t<div class=\"elementor-divider\">\n\t\t\t<span class=\"elementor-divider-separator\">\n\t\t\t\t\t\t<\/span>\n\t\t<\/div>\n\t\t\t\t\t\t<\/div>\n\t\t\t\t<\/div>\n\t\t\t\t<div class=\"elementor-element elementor-element-16ce728 elementor-widget elementor-widget-heading\" data-id=\"16ce728\" data-element_type=\"widget\" data-e-type=\"widget\" data-widget_type=\"heading.default\">\n\t\t\t\t<div class=\"elementor-widget-container\">\n\t\t\t\t\t<h4 class=\"elementor-heading-title elementor-size-default\">Tw\u00f3j punkt kontaktowy, aby po\u0142\u0105czy\u0107 si\u0119 z nami wirtualnie! Nasz zesp\u00f3\u0142 ekspert\u00f3w ch\u0119tnie odpowie na Twoje pytania.\n\n<\/h4>\t\t\t\t<\/div>\n\t\t\t\t<\/div>\n\t\t\t\t\t<\/div>\n\t\t<\/div>\n\t\t\t\t\t<\/div>\n\t\t<\/section>\n\t\t\t\t<section class=\"elementor-section elementor-top-section elementor-element elementor-element-5f0d7a9 elementor-section-content-middle elementor-section-boxed elementor-section-height-default elementor-section-height-default\" data-id=\"5f0d7a9\" data-element_type=\"section\" data-e-type=\"section\" data-settings=\"{&quot;background_background&quot;:&quot;classic&quot;,&quot;_ha_eqh_enable&quot;:false}\">\n\t\t\t\t\t\t<div class=\"elementor-container elementor-column-gap-no\">\n\t\t\t\t\t<div class=\"elementor-column elementor-col-50 elementor-top-column elementor-element elementor-element-f59829d\" data-id=\"f59829d\" data-element_type=\"column\" data-e-type=\"column\" data-settings=\"{&quot;background_background&quot;:&quot;classic&quot;}\">\n\t\t\t<div class=\"elementor-widget-wrap elementor-element-populated\">\n\t\t\t\t\t\t<div class=\"elementor-element elementor-element-bdcdfa8 elementor-position-inline-start elementor-view-default elementor-mobile-position-block-start elementor-widget elementor-widget-icon-box\" data-id=\"bdcdfa8\" data-element_type=\"widget\" data-e-type=\"widget\" data-widget_type=\"icon-box.default\">\n\t\t\t\t<div class=\"elementor-widget-container\">\n\t\t\t\t\t\t\t<div class=\"elementor-icon-box-wrapper\">\n\n\t\t\t\t\t\t<div class=\"elementor-icon-box-icon\">\n\t\t\t\t<span  class=\"elementor-icon\">\n\t\t\t\t<i aria-hidden=\"true\" class=\"far fa-envelope\"><\/i>\t\t\t\t<\/span>\n\t\t\t<\/div>\n\t\t\t\n\t\t\t\t\t\t<div class=\"elementor-icon-box-content\">\n\n\t\t\t\t\t\t\t\t\t<h3 class=\"elementor-icon-box-title\">\n\t\t\t\t\t\t<span  >\n\t\t\t\t\t\t\tAdres e-mail\t\t\t\t\t\t<\/span>\n\t\t\t\t\t<\/h3>\n\t\t\t\t\n\t\t\t\t\t\t\t\t\t<p class=\"elementor-icon-box-description\">\n\t\t\t\t\t\tworldpassportindex@gmail.com\t\t\t\t\t<\/p>\n\t\t\t\t\n\t\t\t<\/div>\n\t\t\t\n\t\t<\/div>\n\t\t\t\t\t\t<\/div>\n\t\t\t\t<\/div>\n\t\t\t\t<div class=\"elementor-element elementor-element-8e82235 elementor-position-inline-start elementor-view-default elementor-mobile-position-block-start elementor-widget elementor-widget-icon-box\" data-id=\"8e82235\" data-element_type=\"widget\" data-e-type=\"widget\" data-widget_type=\"icon-box.default\">\n\t\t\t\t<div class=\"elementor-widget-container\">\n\t\t\t\t\t\t\t<div class=\"elementor-icon-box-wrapper\">\n\n\t\t\t\t\t\t<div class=\"elementor-icon-box-icon\">\n\t\t\t\t<a href=\"https:\/\/api.whatsapp.com\/send\/?phone=447459562803&#038;text&#038;type=phone_number&#038;app_absent=0\" class=\"elementor-icon\" tabindex=\"-1\" aria-label=\"WhatsApp Numer :\">\n\t\t\t\t<i aria-hidden=\"true\" class=\"icon icon-whatsapp-2\"><\/i>\t\t\t\t<\/a>\n\t\t\t<\/div>\n\t\t\t\n\t\t\t\t\t\t<div class=\"elementor-icon-box-content\">\n\n\t\t\t\t\t\t\t\t\t<h3 class=\"elementor-icon-box-title\">\n\t\t\t\t\t\t<a href=\"https:\/\/api.whatsapp.com\/send\/?phone=447459562803&#038;text&#038;type=phone_number&#038;app_absent=0\" >\n\t\t\t\t\t\t\tWhatsApp Numer :\t\t\t\t\t\t<\/a>\n\t\t\t\t\t<\/h3>\n\t\t\t\t\n\t\t\t\t\t\t\t\t\t<p class=\"elementor-icon-box-description\">\n\t\t\t\t\t\t+44 7459 562803\n\n\t\t\t\t\t<\/p>\n\t\t\t\t\n\t\t\t<\/div>\n\t\t\t\n\t\t<\/div>\n\t\t\t\t\t\t<\/div>\n\t\t\t\t<\/div>\n\t\t\t\t<div class=\"elementor-element elementor-element-03a1444 elementor-position-inline-start elementor-view-default elementor-mobile-position-block-start elementor-widget elementor-widget-icon-box\" data-id=\"03a1444\" data-element_type=\"widget\" data-e-type=\"widget\" data-widget_type=\"icon-box.default\">\n\t\t\t\t<div class=\"elementor-widget-container\">\n\t\t\t\t\t\t\t<div class=\"elementor-icon-box-wrapper\">\n\n\t\t\t\t\t\t<div class=\"elementor-icon-box-icon\">\n\t\t\t\t<a href=\"https:\/\/t.me\/worldepassport\" class=\"elementor-icon\" tabindex=\"-1\" aria-label=\"Telegram:\">\n\t\t\t\t<i aria-hidden=\"true\" class=\"fab fa-telegram-plane\"><\/i>\t\t\t\t<\/a>\n\t\t\t<\/div>\n\t\t\t\n\t\t\t\t\t\t<div class=\"elementor-icon-box-content\">\n\n\t\t\t\t\t\t\t\t\t<h3 class=\"elementor-icon-box-title\">\n\t\t\t\t\t\t<a href=\"https:\/\/t.me\/worldepassport\" >\n\t\t\t\t\t\t\tTelegram:\t\t\t\t\t\t<\/a>\n\t\t\t\t\t<\/h3>\n\t\t\t\t\n\t\t\t\t\t\t\t\t\t<p class=\"elementor-icon-box-description\">\n\t\t\t\t\t\t@worldepassport\n\t\t\t\t\t<\/p>\n\t\t\t\t\n\t\t\t<\/div>\n\t\t\t\n\t\t<\/div>\n\t\t\t\t\t\t<\/div>\n\t\t\t\t<\/div>\n\t\t\t\t<div class=\"elementor-element elementor-element-b9ae875 elementor-position-inline-start elementor-view-default elementor-mobile-position-block-start elementor-widget elementor-widget-icon-box\" data-id=\"b9ae875\" data-element_type=\"widget\" data-e-type=\"widget\" data-widget_type=\"icon-box.default\">\n\t\t\t\t<div class=\"elementor-widget-container\">\n\t\t\t\t\t\t\t<div class=\"elementor-icon-box-wrapper\">\n\n\t\t\t\t\t\t<div class=\"elementor-icon-box-icon\">\n\t\t\t\t<span  class=\"elementor-icon\">\n\t\t\t\t<i aria-hidden=\"true\" class=\"icon icon-home1\"><\/i>\t\t\t\t<\/span>\n\t\t\t<\/div>\n\t\t\t\n\t\t\t\t\t\t<div class=\"elementor-icon-box-content\">\n\n\t\t\t\t\t\t\t\t\t<h3 class=\"elementor-icon-box-title\">\n\t\t\t\t\t\t<span  >\n\t\t\t\t\t\t\tAdres\t\t\t\t\t\t<\/span>\n\t\t\t\t\t<\/h3>\n\t\t\t\t\n\t\t\t\t\t\t\t\t\t<p class=\"elementor-icon-box-description\">\n\t\t\t\t\t\tLeeds Anglia\t\t\t\t\t<\/p>\n\t\t\t\t\n\t\t\t<\/div>\n\t\t\t\n\t\t<\/div>\n\t\t\t\t\t\t<\/div>\n\t\t\t\t<\/div>\n\t\t\t\t\t<\/div>\n\t\t<\/div>\n\t\t\t\t<div class=\"elementor-column elementor-col-50 elementor-top-column elementor-element elementor-element-1dcbbf6\" data-id=\"1dcbbf6\" data-element_type=\"column\" data-e-type=\"column\">\n\t\t\t<div class=\"elementor-widget-wrap elementor-element-populated\">\n\t\t\t\t\t\t<div class=\"elementor-element elementor-element-dfb6b7f ekit_wpForms_container-form-button-custom elementor-widget elementor-widget-elementskit-wp-forms\" data-id=\"dfb6b7f\" data-element_type=\"widget\" data-e-type=\"widget\" data-widget_type=\"elementskit-wp-forms.default\">\n\t\t\t\t<div class=\"elementor-widget-container\">\n\t\t\t\t\t<div class=\"ekit-wid-con ekit_wpForms_container\"><\/div>\t\t\t\t<\/div>\n\t\t\t\t<\/div>\n\t\t\t\t\t<\/div>\n\t\t<\/div>\n\t\t\t\t\t<\/div>\n\t\t<\/section>\n\t\t\t\t<\/div>","protected":false},"excerpt":{"rendered":"<p>Contact Us Contact US Get In Touch Your one-stop to connect with us virtually! Our team of experts welcome the chance to answer your questions. E-mail Address worldpassportindex@gmail.com WhatsApp Number : +44 7459 562803 Telegram: @worldepassport Address Leeds England<\/p>","protected":false},"author":1,"featured_media":0,"parent":0,"menu_order":0,"comment_status":"closed","ping_status":"closed","template":"elementor_header_footer","meta":{"footnotes":""},"class_list":["post-47","page","type-page","status-publish","hentry"],"yoast_head":"<!-- This site is optimized with the Yoast SEO Premium plugin v24.9 (Yoast SEO v27.3) - https:\/\/yoast.com\/product\/yoast-seo-premium-wordpress\/ -->\n<title>Contact Us | Trusted Online Passport, Driver\u2019s License &amp; ID Card Services<\/title>\n<meta name=\"description\" content=\"Contact us - World Passport provides high-level documentation services like passports, ID cards, driver&#039;s licenses, resident permits, and more\" \/>\n<meta name=\"robots\" content=\"index, follow, max-snippet:-1, max-image-preview:large, max-video-preview:-1\" \/>\n<link rel=\"canonical\" href=\"https:\/\/worldpassaporte.com\/pl\/skontaktuj-sie-z-nami\/\" \/>\n<meta property=\"og:locale\" content=\"pl_PL\" \/>\n<meta property=\"og:type\" content=\"article\" \/>\n<meta property=\"og:title\" content=\"Contact Us\" \/>\n<meta property=\"og:description\" content=\"Contact us - World Passport provides high-level documentation services like passports, ID cards, driver&#039;s licenses, resident permits, and more\" \/>\n<meta property=\"og:url\" content=\"https:\/\/worldpassaporte.com\/pl\/skontaktuj-sie-z-nami\/\" \/>\n<meta property=\"og:site_name\" content=\"Buy Passport Online\" \/>\n<meta property=\"article:publisher\" content=\"https:\/\/www.facebook.com\/migrant.line.75\" \/>\n<meta property=\"article:modified_time\" content=\"2025-12-11T09:00:11+00:00\" \/>\n<meta property=\"og:image\" content=\"https:\/\/worldpassaporte.com\/wp-content\/uploads\/2021\/04\/contact.png\" \/>\n\t<meta property=\"og:image:width\" content=\"200\" \/>\n\t<meta property=\"og:image:height\" content=\"200\" \/>\n\t<meta property=\"og:image:type\" content=\"image\/png\" \/>\n<meta name=\"twitter:card\" content=\"summary_large_image\" \/>\n<meta name=\"twitter:label1\" content=\"Szacowany czas czytania\" \/>\n\t<meta name=\"twitter:data1\" content=\"1 minuta\" \/>\n<script type=\"application\/ld+json\" class=\"yoast-schema-graph\">{\"@context\":\"https:\\\/\\\/schema.org\",\"@graph\":[{\"@type\":\"WebPage\",\"@id\":\"https:\\\/\\\/worldpassaporte.com\\\/contact-us\\\/\",\"url\":\"https:\\\/\\\/worldpassaporte.com\\\/contact-us\\\/\",\"name\":\"Contact Us | Trusted Online Passport, Driver\u2019s License &amp; ID Card Services\",\"isPartOf\":{\"@id\":\"https:\\\/\\\/worldpassaporte.com\\\/#website\"},\"primaryImageOfPage\":{\"@id\":\"https:\\\/\\\/worldpassaporte.com\\\/contact-us\\\/#primaryimage\"},\"image\":{\"@id\":\"https:\\\/\\\/worldpassaporte.com\\\/contact-us\\\/#primaryimage\"},\"thumbnailUrl\":\"https:\\\/\\\/worldpassaporte.com\\\/wp-content\\\/uploads\\\/2021\\\/04\\\/contact.png\",\"datePublished\":\"2021-04-07T04:30:23+00:00\",\"dateModified\":\"2025-12-11T09:00:11+00:00\",\"description\":\"Contact us - World Passport provides high-level documentation services like passports, ID cards, driver's licenses, resident permits, and more\",\"breadcrumb\":{\"@id\":\"https:\\\/\\\/worldpassaporte.com\\\/contact-us\\\/#breadcrumb\"},\"inLanguage\":\"pl-PL\",\"potentialAction\":[{\"@type\":\"ReadAction\",\"target\":[\"https:\\\/\\\/worldpassaporte.com\\\/contact-us\\\/\"]}]},{\"@type\":\"ImageObject\",\"inLanguage\":\"pl-PL\",\"@id\":\"https:\\\/\\\/worldpassaporte.com\\\/contact-us\\\/#primaryimage\",\"url\":\"https:\\\/\\\/worldpassaporte.com\\\/wp-content\\\/uploads\\\/2021\\\/04\\\/contact.png\",\"contentUrl\":\"https:\\\/\\\/worldpassaporte.com\\\/wp-content\\\/uploads\\\/2021\\\/04\\\/contact.png\"},{\"@type\":\"BreadcrumbList\",\"@id\":\"https:\\\/\\\/worldpassaporte.com\\\/contact-us\\\/#breadcrumb\",\"itemListElement\":[{\"@type\":\"ListItem\",\"position\":1,\"name\":\"Home\",\"item\":\"https:\\\/\\\/worldpassaporte.com\\\/\"},{\"@type\":\"ListItem\",\"position\":2,\"name\":\"Contact Us\"}]},{\"@type\":\"WebSite\",\"@id\":\"https:\\\/\\\/worldpassaporte.com\\\/#website\",\"url\":\"https:\\\/\\\/worldpassaporte.com\\\/\",\"name\":\"World Passporte | Buy Verified Passports & IDs Online\",\"description\":\"Trusted Online Passport, Driver\u2019s License &amp; ID Card Services\",\"publisher\":{\"@id\":\"https:\\\/\\\/worldpassaporte.com\\\/#organization\"},\"alternateName\":\"World Passporte Docs\",\"potentialAction\":[{\"@type\":\"SearchAction\",\"target\":{\"@type\":\"EntryPoint\",\"urlTemplate\":\"https:\\\/\\\/worldpassaporte.com\\\/?s={search_term_string}\"},\"query-input\":{\"@type\":\"PropertyValueSpecification\",\"valueRequired\":true,\"valueName\":\"search_term_string\"}}],\"inLanguage\":\"pl-PL\"},{\"@type\":\"Organization\",\"@id\":\"https:\\\/\\\/worldpassaporte.com\\\/#organization\",\"name\":\"world passporte\",\"url\":\"https:\\\/\\\/worldpassaporte.com\\\/\",\"logo\":{\"@type\":\"ImageObject\",\"inLanguage\":\"pl-PL\",\"@id\":\"https:\\\/\\\/worldpassaporte.com\\\/#\\\/schema\\\/logo\\\/image\\\/\",\"url\":\"https:\\\/\\\/worldpassaporte.com\\\/wp-content\\\/uploads\\\/2021\\\/04\\\/cropped-521-5219672_document-management-system-logo-hd-png-download.png\",\"contentUrl\":\"https:\\\/\\\/worldpassaporte.com\\\/wp-content\\\/uploads\\\/2021\\\/04\\\/cropped-521-5219672_document-management-system-logo-hd-png-download.png\",\"width\":512,\"height\":512,\"caption\":\"world passporte\"},\"image\":{\"@id\":\"https:\\\/\\\/worldpassaporte.com\\\/#\\\/schema\\\/logo\\\/image\\\/\"},\"sameAs\":[\"https:\\\/\\\/www.facebook.com\\\/migrant.line.75\"]}]}<\/script>\n<!-- \/ Yoast SEO Premium plugin. -->","yoast_head_json":{"title":"Skontaktuj si\u0119 z nami | Zaufane us\u0142ugi online w zakresie paszport\u00f3w, praw jazdy i dowod\u00f3w osobistych","description":"Skontaktuj si\u0119 z nami - World Passport zapewnia wysokiej jako\u015bci us\u0142ugi dokumentacyjne, takie jak paszporty, dowody osobiste, prawa jazdy, zezwolenia na pobyt i inne","robots":{"index":"index","follow":"follow","max-snippet":"max-snippet:-1","max-image-preview":"max-image-preview:large","max-video-preview":"max-video-preview:-1"},"canonical":"https:\/\/worldpassaporte.com\/pl\/skontaktuj-sie-z-nami\/","og_locale":"pl_PL","og_type":"article","og_title":"Contact Us","og_description":"Contact us - World Passport provides high-level documentation services like passports, ID cards, driver's licenses, resident permits, and more","og_url":"https:\/\/worldpassaporte.com\/pl\/skontaktuj-sie-z-nami\/","og_site_name":"Buy Passport Online","article_publisher":"https:\/\/www.facebook.com\/migrant.line.75","article_modified_time":"2025-12-11T09:00:11+00:00","og_image":[{"width":200,"height":200,"url":"https:\/\/worldpassaporte.com\/wp-content\/uploads\/2021\/04\/contact.png","type":"image\/png"}],"twitter_card":"summary_large_image","twitter_misc":{"Szacowany czas czytania":"1 minuta"},"schema":{"@context":"https:\/\/schema.org","@graph":[{"@type":"WebPage","@id":"https:\/\/worldpassaporte.com\/contact-us\/","url":"https:\/\/worldpassaporte.com\/contact-us\/","name":"Skontaktuj si\u0119 z nami | Zaufane us\u0142ugi online w zakresie paszport\u00f3w, praw jazdy i dowod\u00f3w osobistych","isPartOf":{"@id":"https:\/\/worldpassaporte.com\/#website"},"primaryImageOfPage":{"@id":"https:\/\/worldpassaporte.com\/contact-us\/#primaryimage"},"image":{"@id":"https:\/\/worldpassaporte.com\/contact-us\/#primaryimage"},"thumbnailUrl":"https:\/\/worldpassaporte.com\/wp-content\/uploads\/2021\/04\/contact.png","datePublished":"2021-04-07T04:30:23+00:00","dateModified":"2025-12-11T09:00:11+00:00","description":"Skontaktuj si\u0119 z nami - World Passport zapewnia wysokiej jako\u015bci us\u0142ugi dokumentacyjne, takie jak paszporty, dowody osobiste, prawa jazdy, zezwolenia na pobyt i inne","breadcrumb":{"@id":"https:\/\/worldpassaporte.com\/contact-us\/#breadcrumb"},"inLanguage":"pl-PL","potentialAction":[{"@type":"ReadAction","target":["https:\/\/worldpassaporte.com\/contact-us\/"]}]},{"@type":"ImageObject","inLanguage":"pl-PL","@id":"https:\/\/worldpassaporte.com\/contact-us\/#primaryimage","url":"https:\/\/worldpassaporte.com\/wp-content\/uploads\/2021\/04\/contact.png","contentUrl":"https:\/\/worldpassaporte.com\/wp-content\/uploads\/2021\/04\/contact.png"},{"@type":"BreadcrumbList","@id":"https:\/\/worldpassaporte.com\/contact-us\/#breadcrumb","itemListElement":[{"@type":"ListItem","position":1,"name":"Home","item":"https:\/\/worldpassaporte.com\/"},{"@type":"ListItem","position":2,"name":"Contact Us"}]},{"@type":"WebSite","@id":"https:\/\/worldpassaporte.com\/#website","url":"https:\/\/worldpassaporte.com\/","name":"World Passporte | Kup zweryfikowane paszporty i dowody osobiste online","description":"Zaufane us\u0142ugi online w zakresie paszport\u00f3w, praw jazdy i dowod\u00f3w osobistych","publisher":{"@id":"https:\/\/worldpassaporte.com\/#organization"},"alternateName":"World Passporte Docs","potentialAction":[{"@type":"SearchAction","target":{"@type":"EntryPoint","urlTemplate":"https:\/\/worldpassaporte.com\/?s={search_term_string}"},"query-input":{"@type":"PropertyValueSpecification","valueRequired":true,"valueName":"search_term_string"}}],"inLanguage":"pl-PL"},{"@type":"Organization","@id":"https:\/\/worldpassaporte.com\/#organization","name":"paszport \u015bwiata","url":"https:\/\/worldpassaporte.com\/","logo":{"@type":"ImageObject","inLanguage":"pl-PL","@id":"https:\/\/worldpassaporte.com\/#\/schema\/logo\/image\/","url":"https:\/\/worldpassaporte.com\/wp-content\/uploads\/2021\/04\/cropped-521-5219672_document-management-system-logo-hd-png-download.png","contentUrl":"https:\/\/worldpassaporte.com\/wp-content\/uploads\/2021\/04\/cropped-521-5219672_document-management-system-logo-hd-png-download.png","width":512,"height":512,"caption":"world passporte"},"image":{"@id":"https:\/\/worldpassaporte.com\/#\/schema\/logo\/image\/"},"sameAs":["https:\/\/www.facebook.com\/migrant.line.75"]}]}},"_links":{"self":[{"href":"https:\/\/worldpassaporte.com\/pl\/wp-json\/wp\/v2\/pages\/47","targetHints":{"allow":["GET"]}}],"collection":[{"href":"https:\/\/worldpassaporte.com\/pl\/wp-json\/wp\/v2\/pages"}],"about":[{"href":"https:\/\/worldpassaporte.com\/pl\/wp-json\/wp\/v2\/types\/page"}],"author":[{"embeddable":true,"href":"https:\/\/worldpassaporte.com\/pl\/wp-json\/wp\/v2\/users\/1"}],"replies":[{"embeddable":true,"href":"https:\/\/worldpassaporte.com\/pl\/wp-json\/wp\/v2\/comments?post=47"}],"version-history":[{"count":47,"href":"https:\/\/worldpassaporte.com\/pl\/wp-json\/wp\/v2\/pages\/47\/revisions"}],"predecessor-version":[{"id":3511,"href":"https:\/\/worldpassaporte.com\/pl\/wp-json\/wp\/v2\/pages\/47\/revisions\/3511"}],"wp:attachment":[{"href":"https:\/\/worldpassaporte.com\/pl\/wp-json\/wp\/v2\/media?parent=47"}],"curies":[{"name":"wp","href":"https:\/\/api.w.org\/{rel}","templated":true}]}}