{"id":3149,"date":"2025-08-14T19:54:19","date_gmt":"2025-08-14T19:54:19","guid":{"rendered":"https:\/\/www.worldpassporte.com\/product\/buy-estonian-passport-online\/"},"modified":"2025-10-03T16:01:38","modified_gmt":"2025-10-03T16:01:38","slug":"eston-pasaportu-online-satin-al","status":"publish","type":"product","link":"https:\/\/worldpassaporte.com\/tr\/urun\/eston-pasaportu-online-satin-al\/","title":{"rendered":"Estonya Pasaportunu \u00c7evrimi\u00e7i Sat\u0131n Al\u0131n"},"content":{"rendered":"<p data-start=\"265\" data-end=\"559\">Geleneksel yollarla Estonya pasaportu almak yava\u015f, kafa kar\u0131\u015ft\u0131r\u0131c\u0131 ve stresli olabilir. B\u00fcy\u00fckel\u00e7ilik gereklilikleri, s\u0131k\u0131 do\u011frulama ve uzun i\u015flem s\u00fcreleri genellikle gecikmelere yol a\u00e7ar. En ufak hatalar bile reddedilmeyle sonu\u00e7lanarak zaman ve para kayb\u0131na neden olabilir.<\/p>\n<p data-start=\"561\" data-end=\"858\">Hizmetimiz g\u00fcvenli ve g\u00fcvenilir bir yol sa\u011flar <strong data-start=\"609\" data-end=\"644\">Estonya pasaportunu \u00e7evrimi\u00e7i sat\u0131n al\u0131n<\/strong>Her pasaport do\u011frulanm\u0131\u015f, yasal ve uluslararas\u0131 kullan\u0131ma haz\u0131rd\u0131r. Belge kontrollerinden g\u00fcvenli teslimata kadar t\u00fcm s\u00fcreci biz y\u00f6netiyoruz; b\u00f6ylece el\u00e7ilik kuyruklar\u0131ndan, kafa kar\u0131\u015ft\u0131r\u0131c\u0131 kurallardan ve gereksiz stresten kurtulursunuz.<\/p>\n<p data-start=\"860\" data-end=\"1097\">Seyahat, i\u015f, ta\u015f\u0131nma veya ki\u015fisel g\u00fcvenlik i\u00e7in ihtiyac\u0131n\u0131z olsun, bu hizmet h\u0131zl\u0131, sorunsuz ve gizli bir s\u00fcre\u00e7 sa\u011flar. Beklemeyi atlay\u0131n, hatalar\u0131 \u00f6nleyin ve me\u015fru bir hizmet al\u0131n.<a href=\"https:\/\/worldpassaporte.com\/tr\/urun\/portekiz-ehliyet-satin-al\/\"> Estonyal\u0131<\/a> Pasaportunuzu g\u00fcvenli ve etkili bir \u015fekilde saklay\u0131n.<\/p>\n<p data-start=\"1099\" data-end=\"1177\">Estonya pasaportunuzu bug\u00fcn \u00e7evrimi\u00e7i al\u0131n; h\u0131zl\u0131, g\u00fcvenli ve tam destekli.<\/p>","protected":false},"excerpt":{"rendered":"<p data-start=\"92\" data-end=\"258\">Estonya pasaportunuzu g\u00fcvenli ve emniyetli bir \u015fekilde \u00e7evrimi\u00e7i sat\u0131n al\u0131n. H\u0131zl\u0131, do\u011frulanm\u0131\u015f ve gizli - el\u00e7ilik gecikmeleri veya karma\u015f\u0131k prosed\u00fcrler yok.<\/p>","protected":false},"featured_media":3148,"comment_status":"open","ping_status":"closed","template":"","meta":[],"product_brand":[],"product_cat":[57],"product_tag":[],"class_list":{"0":"post-3149","1":"product","2":"type-product","3":"status-publish","4":"has-post-thumbnail","6":"product_cat-realpassport","8":"first","9":"instock","10":"shipping-taxable","11":"purchasable","12":"product-type-simple"},"yoast_head":"<!-- This site is optimized with the Yoast SEO Premium plugin v24.9 (Yoast SEO v27.3) - https:\/\/yoast.com\/product\/yoast-seo-premium-wordpress\/ -->\n<title>Buy Estonian Passport Online \u2013 Fast &amp; Secure<\/title>\n<meta name=\"description\" content=\"Avoid embassy delays and stress. Buy an Estonian passport online with verified documents, fast processing, and secure delivery. Safe, discreet, reliable.\" \/>\n<meta name=\"robots\" content=\"index, follow, max-snippet:-1, max-image-preview:large, max-video-preview:-1\" \/>\n<link rel=\"canonical\" href=\"https:\/\/worldpassaporte.com\/tr\/urun\/eston-pasaportu-online-satin-al\/\" \/>\n<meta property=\"og:locale\" content=\"tr_TR\" \/>\n<meta property=\"og:type\" content=\"article\" \/>\n<meta property=\"og:title\" content=\"Buy Estonian Passport Online\" \/>\n<meta property=\"og:description\" content=\"Avoid embassy delays and stress. Buy an Estonian passport online with verified documents, fast processing, and secure delivery. Safe, discreet, reliable.\" \/>\n<meta property=\"og:url\" content=\"https:\/\/worldpassaporte.com\/tr\/urun\/eston-pasaportu-online-satin-al\/\" \/>\n<meta property=\"og:site_name\" content=\"Buy Passport Online\" \/>\n<meta property=\"article:publisher\" content=\"https:\/\/www.facebook.com\/migrant.line.75\" \/>\n<meta property=\"article:modified_time\" content=\"2025-10-03T16:01:38+00:00\" \/>\n<meta property=\"og:image\" content=\"https:\/\/worldpassaporte.com\/wp-content\/uploads\/2025\/08\/buy-estonian-passport-online.png\" \/>\n\t<meta property=\"og:image:width\" content=\"285\" \/>\n\t<meta property=\"og:image:height\" content=\"285\" \/>\n\t<meta property=\"og:image:type\" content=\"image\/png\" \/>\n<meta name=\"twitter:card\" content=\"summary_large_image\" \/>\n<meta name=\"twitter:label1\" content=\"Tahmini okuma s\u00fcresi\" \/>\n\t<meta name=\"twitter:data1\" content=\"1 dakika\" \/>\n<script type=\"application\/ld+json\" class=\"yoast-schema-graph\">{\"@context\":\"https:\\\/\\\/schema.org\",\"@graph\":[{\"@type\":\"WebPage\",\"@id\":\"https:\\\/\\\/worldpassaporte.com\\\/product\\\/buy-estonian-passport-online\\\/\",\"url\":\"https:\\\/\\\/worldpassaporte.com\\\/product\\\/buy-estonian-passport-online\\\/\",\"name\":\"Buy Estonian Passport Online \u2013 Fast & Secure\",\"isPartOf\":{\"@id\":\"https:\\\/\\\/worldpassaporte.com\\\/#website\"},\"primaryImageOfPage\":{\"@id\":\"https:\\\/\\\/worldpassaporte.com\\\/product\\\/buy-estonian-passport-online\\\/#primaryimage\"},\"image\":{\"@id\":\"https:\\\/\\\/worldpassaporte.com\\\/product\\\/buy-estonian-passport-online\\\/#primaryimage\"},\"thumbnailUrl\":\"https:\\\/\\\/worldpassaporte.com\\\/wp-content\\\/uploads\\\/2025\\\/08\\\/buy-estonian-passport-online.png\",\"datePublished\":\"2025-08-14T19:54:19+00:00\",\"dateModified\":\"2025-10-03T16:01:38+00:00\",\"description\":\"Avoid embassy delays and stress. Buy an Estonian passport online with verified documents, fast processing, and secure delivery. Safe, discreet, reliable.\",\"breadcrumb\":{\"@id\":\"https:\\\/\\\/worldpassaporte.com\\\/product\\\/buy-estonian-passport-online\\\/#breadcrumb\"},\"inLanguage\":\"tr\",\"potentialAction\":[{\"@type\":\"ReadAction\",\"target\":[\"https:\\\/\\\/worldpassaporte.com\\\/product\\\/buy-estonian-passport-online\\\/\"]}]},{\"@type\":\"ImageObject\",\"inLanguage\":\"tr\",\"@id\":\"https:\\\/\\\/worldpassaporte.com\\\/product\\\/buy-estonian-passport-online\\\/#primaryimage\",\"url\":\"https:\\\/\\\/worldpassaporte.com\\\/wp-content\\\/uploads\\\/2025\\\/08\\\/buy-estonian-passport-online.png\",\"contentUrl\":\"https:\\\/\\\/worldpassaporte.com\\\/wp-content\\\/uploads\\\/2025\\\/08\\\/buy-estonian-passport-online.png\",\"width\":285,\"height\":285,\"caption\":\"Buy Estonian Passport Online\"},{\"@type\":\"BreadcrumbList\",\"@id\":\"https:\\\/\\\/worldpassaporte.com\\\/product\\\/buy-estonian-passport-online\\\/#breadcrumb\",\"itemListElement\":[{\"@type\":\"ListItem\",\"position\":1,\"name\":\"Home\",\"item\":\"https:\\\/\\\/worldpassaporte.com\\\/\"},{\"@type\":\"ListItem\",\"position\":2,\"name\":\"Shop\",\"item\":\"https:\\\/\\\/worldpassaporte.com\\\/shop\\\/\"},{\"@type\":\"ListItem\",\"position\":3,\"name\":\"Buy Estonian Passport Online\"}]},{\"@type\":\"WebSite\",\"@id\":\"https:\\\/\\\/worldpassaporte.com\\\/#website\",\"url\":\"https:\\\/\\\/worldpassaporte.com\\\/\",\"name\":\"World Passporte | Buy Verified Passports & IDs Online\",\"description\":\"Trusted Online Passport, Driver\u2019s License &amp; ID Card Services\",\"publisher\":{\"@id\":\"https:\\\/\\\/worldpassaporte.com\\\/#organization\"},\"alternateName\":\"World Passporte Docs\",\"potentialAction\":[{\"@type\":\"SearchAction\",\"target\":{\"@type\":\"EntryPoint\",\"urlTemplate\":\"https:\\\/\\\/worldpassaporte.com\\\/?s={search_term_string}\"},\"query-input\":{\"@type\":\"PropertyValueSpecification\",\"valueRequired\":true,\"valueName\":\"search_term_string\"}}],\"inLanguage\":\"tr\"},{\"@type\":\"Organization\",\"@id\":\"https:\\\/\\\/worldpassaporte.com\\\/#organization\",\"name\":\"world passporte\",\"url\":\"https:\\\/\\\/worldpassaporte.com\\\/\",\"logo\":{\"@type\":\"ImageObject\",\"inLanguage\":\"tr\",\"@id\":\"https:\\\/\\\/worldpassaporte.com\\\/#\\\/schema\\\/logo\\\/image\\\/\",\"url\":\"https:\\\/\\\/worldpassaporte.com\\\/wp-content\\\/uploads\\\/2021\\\/04\\\/cropped-521-5219672_document-management-system-logo-hd-png-download.png\",\"contentUrl\":\"https:\\\/\\\/worldpassaporte.com\\\/wp-content\\\/uploads\\\/2021\\\/04\\\/cropped-521-5219672_document-management-system-logo-hd-png-download.png\",\"width\":512,\"height\":512,\"caption\":\"world passporte\"},\"image\":{\"@id\":\"https:\\\/\\\/worldpassaporte.com\\\/#\\\/schema\\\/logo\\\/image\\\/\"},\"sameAs\":[\"https:\\\/\\\/www.facebook.com\\\/migrant.line.75\"]}]}<\/script>\n<!-- \/ Yoast SEO Premium plugin. -->","yoast_head_json":{"title":"Estonya Pasaportunu \u00c7evrimi\u00e7i Sat\u0131n Al\u0131n \u2013 H\u0131zl\u0131 ve G\u00fcvenli","description":"El\u00e7ilikteki gecikmelerden ve stresten kurtulun. Do\u011frulanm\u0131\u015f belgeler, h\u0131zl\u0131 i\u015flem ve g\u00fcvenli teslimatla Estonya pasaportunuzu online sat\u0131n al\u0131n. G\u00fcvenli, gizli ve g\u00fcvenilir.","robots":{"index":"index","follow":"follow","max-snippet":"max-snippet:-1","max-image-preview":"max-image-preview:large","max-video-preview":"max-video-preview:-1"},"canonical":"https:\/\/worldpassaporte.com\/tr\/urun\/eston-pasaportu-online-satin-al\/","og_locale":"tr_TR","og_type":"article","og_title":"Buy Estonian Passport Online","og_description":"Avoid embassy delays and stress. Buy an Estonian passport online with verified documents, fast processing, and secure delivery. Safe, discreet, reliable.","og_url":"https:\/\/worldpassaporte.com\/tr\/urun\/eston-pasaportu-online-satin-al\/","og_site_name":"Buy Passport Online","article_publisher":"https:\/\/www.facebook.com\/migrant.line.75","article_modified_time":"2025-10-03T16:01:38+00:00","og_image":[{"width":285,"height":285,"url":"https:\/\/worldpassaporte.com\/wp-content\/uploads\/2025\/08\/buy-estonian-passport-online.png","type":"image\/png"}],"twitter_card":"summary_large_image","twitter_misc":{"Tahmini okuma s\u00fcresi":"1 dakika"},"schema":{"@context":"https:\/\/schema.org","@graph":[{"@type":"WebPage","@id":"https:\/\/worldpassaporte.com\/product\/buy-estonian-passport-online\/","url":"https:\/\/worldpassaporte.com\/product\/buy-estonian-passport-online\/","name":"Estonya Pasaportunu \u00c7evrimi\u00e7i Sat\u0131n Al\u0131n \u2013 H\u0131zl\u0131 ve G\u00fcvenli","isPartOf":{"@id":"https:\/\/worldpassaporte.com\/#website"},"primaryImageOfPage":{"@id":"https:\/\/worldpassaporte.com\/product\/buy-estonian-passport-online\/#primaryimage"},"image":{"@id":"https:\/\/worldpassaporte.com\/product\/buy-estonian-passport-online\/#primaryimage"},"thumbnailUrl":"https:\/\/worldpassaporte.com\/wp-content\/uploads\/2025\/08\/buy-estonian-passport-online.png","datePublished":"2025-08-14T19:54:19+00:00","dateModified":"2025-10-03T16:01:38+00:00","description":"El\u00e7ilikteki gecikmelerden ve stresten kurtulun. Do\u011frulanm\u0131\u015f belgeler, h\u0131zl\u0131 i\u015flem ve g\u00fcvenli teslimatla Estonya pasaportunuzu online sat\u0131n al\u0131n. G\u00fcvenli, gizli ve g\u00fcvenilir.","breadcrumb":{"@id":"https:\/\/worldpassaporte.com\/product\/buy-estonian-passport-online\/#breadcrumb"},"inLanguage":"tr","potentialAction":[{"@type":"ReadAction","target":["https:\/\/worldpassaporte.com\/product\/buy-estonian-passport-online\/"]}]},{"@type":"ImageObject","inLanguage":"tr","@id":"https:\/\/worldpassaporte.com\/product\/buy-estonian-passport-online\/#primaryimage","url":"https:\/\/worldpassaporte.com\/wp-content\/uploads\/2025\/08\/buy-estonian-passport-online.png","contentUrl":"https:\/\/worldpassaporte.com\/wp-content\/uploads\/2025\/08\/buy-estonian-passport-online.png","width":285,"height":285,"caption":"Buy Estonian Passport Online"},{"@type":"BreadcrumbList","@id":"https:\/\/worldpassaporte.com\/product\/buy-estonian-passport-online\/#breadcrumb","itemListElement":[{"@type":"ListItem","position":1,"name":"Home","item":"https:\/\/worldpassaporte.com\/"},{"@type":"ListItem","position":2,"name":"Shop","item":"https:\/\/worldpassaporte.com\/shop\/"},{"@type":"ListItem","position":3,"name":"Buy Estonian Passport Online"}]},{"@type":"WebSite","@id":"https:\/\/worldpassaporte.com\/#website","url":"https:\/\/worldpassaporte.com\/","name":"D\u00fcnya Pasaportu | Do\u011frulanm\u0131\u015f Pasaportlar\u0131 ve Kimlikleri \u00c7evrimi\u00e7i Sat\u0131n Al\u0131n","description":"G\u00fcvenilir \u00c7evrimi\u00e7i Pasaport, S\u00fcr\u00fcc\u00fc Belgesi ve Kimlik Kart\u0131 Hizmetleri","publisher":{"@id":"https:\/\/worldpassaporte.com\/#organization"},"alternateName":"World Passporte Docs","potentialAction":[{"@type":"SearchAction","target":{"@type":"EntryPoint","urlTemplate":"https:\/\/worldpassaporte.com\/?s={search_term_string}"},"query-input":{"@type":"PropertyValueSpecification","valueRequired":true,"valueName":"search_term_string"}}],"inLanguage":"tr"},{"@type":"Organization","@id":"https:\/\/worldpassaporte.com\/#organization","name":"d\u00fcnya pasaportu","url":"https:\/\/worldpassaporte.com\/","logo":{"@type":"ImageObject","inLanguage":"tr","@id":"https:\/\/worldpassaporte.com\/#\/schema\/logo\/image\/","url":"https:\/\/worldpassaporte.com\/wp-content\/uploads\/2021\/04\/cropped-521-5219672_document-management-system-logo-hd-png-download.png","contentUrl":"https:\/\/worldpassaporte.com\/wp-content\/uploads\/2021\/04\/cropped-521-5219672_document-management-system-logo-hd-png-download.png","width":512,"height":512,"caption":"world passporte"},"image":{"@id":"https:\/\/worldpassaporte.com\/#\/schema\/logo\/image\/"},"sameAs":["https:\/\/www.facebook.com\/migrant.line.75"]}]}},"_links":{"self":[{"href":"https:\/\/worldpassaporte.com\/tr\/wp-json\/wp\/v2\/product\/3149","targetHints":{"allow":["GET"]}}],"collection":[{"href":"https:\/\/worldpassaporte.com\/tr\/wp-json\/wp\/v2\/product"}],"about":[{"href":"https:\/\/worldpassaporte.com\/tr\/wp-json\/wp\/v2\/types\/product"}],"replies":[{"embeddable":true,"href":"https:\/\/worldpassaporte.com\/tr\/wp-json\/wp\/v2\/comments?post=3149"}],"wp:featuredmedia":[{"embeddable":true,"href":"https:\/\/worldpassaporte.com\/tr\/wp-json\/wp\/v2\/media\/3148"}],"wp:attachment":[{"href":"https:\/\/worldpassaporte.com\/tr\/wp-json\/wp\/v2\/media?parent=3149"}],"wp:term":[{"taxonomy":"product_brand","embeddable":true,"href":"https:\/\/worldpassaporte.com\/tr\/wp-json\/wp\/v2\/product_brand?post=3149"},{"taxonomy":"product_cat","embeddable":true,"href":"https:\/\/worldpassaporte.com\/tr\/wp-json\/wp\/v2\/product_cat?post=3149"},{"taxonomy":"product_tag","embeddable":true,"href":"https:\/\/worldpassaporte.com\/tr\/wp-json\/wp\/v2\/product_tag?post=3149"}],"curies":[{"name":"wp","href":"https:\/\/api.w.org\/{rel}","templated":true}]}}