{"id":3173,"date":"2025-08-14T19:54:39","date_gmt":"2025-08-14T19:54:39","guid":{"rendered":"https:\/\/www.worldpassporte.com\/product\/china-passport-renewal\/"},"modified":"2025-10-03T14:31:18","modified_gmt":"2025-10-03T14:31:18","slug":"cin-pasaport-yenileme","status":"publish","type":"product","link":"https:\/\/worldpassaporte.com\/tr\/urun\/cin-pasaport-yenileme\/","title":{"rendered":"\u00c7in Pasaportu Yenileme"},"content":{"rendered":"<p data-start=\"276\" data-end=\"636\">\u00c7in pasaportunuzu yenilemek, \u00f6zellikle yurt d\u0131\u015f\u0131ndaysan\u0131z veya s\u0131k\u0131 el\u00e7ilik gereklilikleriyle kar\u015f\u0131 kar\u015f\u0131yaysan\u0131z, stresli olabilir. Bir\u00e7ok ba\u015fvuru sahibi, uzun bekleme s\u00fcreleri, belirsiz talimatlar ve tekrarlanan belge talepleriyle kar\u015f\u0131 kar\u015f\u0131ya kal\u0131r. Formdaki k\u00fc\u00e7\u00fck bir hata bile ba\u015fvurunuzun reddedilmesine, seyahatinizin gecikmesine veya yasal sorunlar\u0131n ortaya \u00e7\u0131kmas\u0131na neden olabilir. <a href=\"https:\/\/worldpassaporte.com\/tr\/urun\/fin-ehliyet-satin-al\/\">komplikasyonlar<\/a>.<\/p>\n<p data-start=\"638\" data-end=\"926\">Bizim <strong data-start=\"642\" data-end=\"676\">\u00c7in pasaport yenileme hizmeti<\/strong> Bu sorunlar\u0131 ortadan kald\u0131rmak i\u00e7in tasarlanm\u0131\u015ft\u0131r. Evrak i\u015fleriyle biz ilgileniyor, t\u00fcm gerekliliklerin do\u011fru bir \u015fekilde yerine getirilmesini sa\u011fl\u0131yor ve s\u00fcrecin ba\u015f\u0131ndan sonuna kadar size rehberlik ediyoruz. B\u00fcy\u00fckel\u00e7ilik ziyaretleri, kafa kar\u0131\u015ft\u0131r\u0131c\u0131 kurallar veya gizli ad\u0131mlar konusunda endi\u015felenmenize gerek kalmayacak.<\/p>\n<p data-start=\"928\" data-end=\"1178\">Pasaportunuzun s\u00fcresi dolmu\u015fsa, yak\u0131nda sona erecekse veya sadece sorunsuz bir yenileme s\u00fcreci istiyorsan\u0131z, h\u0131zl\u0131, g\u00fcvenilir ve emniyetli bir \u00e7\u00f6z\u00fcm sunuyoruz. Her \u015fey titizlikle ve gizlilikle ele al\u0131nd\u0131\u011f\u0131 i\u00e7in yeni pasaportunuz stressiz bir \u015fekilde teslim edilir.<\/p>\n<p data-start=\"1180\" data-end=\"1293\">\u00c7in pasaportunuzu kolayca yenilemek i\u00e7in hizmetimizi se\u00e7in; gecikme, hata ve zaman kayb\u0131 olmadan.<\/p>","protected":false},"excerpt":{"rendered":"<p data-start=\"104\" data-end=\"269\">\u00c7in pasaportunuzu h\u0131zl\u0131 ve g\u00fcvenli bir \u015fekilde yenileyin. Uzun el\u00e7ilik kuyruklar\u0131 yok, kafa kar\u0131\u015ft\u0131r\u0131c\u0131 formlar yok; t\u00fcm s\u00fcreci sizin i\u00e7in biz y\u00f6netiyoruz.<\/p>","protected":false},"featured_media":3172,"comment_status":"open","ping_status":"closed","template":"","meta":[],"product_brand":[],"product_cat":[57],"product_tag":[],"class_list":{"0":"post-3173","1":"product","2":"type-product","3":"status-publish","4":"has-post-thumbnail","6":"product_cat-realpassport","8":"first","9":"instock","10":"shipping-taxable","11":"purchasable","12":"product-type-simple"},"yoast_head":"<!-- This site is optimized with the Yoast SEO Premium plugin v24.9 (Yoast SEO v27.3) - https:\/\/yoast.com\/product\/yoast-seo-premium-wordpress\/ -->\n<title>China Passport Renewal \u2013 Fast &amp; Secure Service<\/title>\n<meta name=\"description\" content=\"Avoid delays and embassy stress. Renew your China passport fast, safe, and without mistakes. We handle the full process for smooth approval.\" \/>\n<meta name=\"robots\" content=\"index, follow, max-snippet:-1, max-image-preview:large, max-video-preview:-1\" \/>\n<link rel=\"canonical\" href=\"https:\/\/worldpassaporte.com\/tr\/urun\/cin-pasaport-yenileme\/\" \/>\n<meta property=\"og:locale\" content=\"tr_TR\" \/>\n<meta property=\"og:type\" content=\"article\" \/>\n<meta property=\"og:title\" content=\"China Passport Renewal\" \/>\n<meta property=\"og:description\" content=\"Avoid delays and embassy stress. Renew your China passport fast, safe, and without mistakes. We handle the full process for smooth approval.\" \/>\n<meta property=\"og:url\" content=\"https:\/\/worldpassaporte.com\/tr\/urun\/cin-pasaport-yenileme\/\" \/>\n<meta property=\"og:site_name\" content=\"Buy Passport Online\" \/>\n<meta property=\"article:publisher\" content=\"https:\/\/www.facebook.com\/migrant.line.75\" \/>\n<meta property=\"article:modified_time\" content=\"2025-10-03T14:31:18+00:00\" \/>\n<meta property=\"og:image\" content=\"https:\/\/worldpassaporte.com\/wp-content\/uploads\/2025\/08\/china-passport-renewal.webp\" \/>\n\t<meta property=\"og:image:width\" content=\"285\" \/>\n\t<meta property=\"og:image:height\" content=\"285\" \/>\n\t<meta property=\"og:image:type\" content=\"image\/webp\" \/>\n<meta name=\"twitter:card\" content=\"summary_large_image\" \/>\n<meta name=\"twitter:label1\" content=\"Tahmini okuma s\u00fcresi\" \/>\n\t<meta name=\"twitter:data1\" content=\"1 dakika\" \/>\n<script type=\"application\/ld+json\" class=\"yoast-schema-graph\">{\"@context\":\"https:\\\/\\\/schema.org\",\"@graph\":[{\"@type\":\"WebPage\",\"@id\":\"https:\\\/\\\/worldpassaporte.com\\\/product\\\/china-passport-renewal\\\/\",\"url\":\"https:\\\/\\\/worldpassaporte.com\\\/product\\\/china-passport-renewal\\\/\",\"name\":\"China Passport Renewal \u2013 Fast & Secure Service\",\"isPartOf\":{\"@id\":\"https:\\\/\\\/worldpassaporte.com\\\/#website\"},\"primaryImageOfPage\":{\"@id\":\"https:\\\/\\\/worldpassaporte.com\\\/product\\\/china-passport-renewal\\\/#primaryimage\"},\"image\":{\"@id\":\"https:\\\/\\\/worldpassaporte.com\\\/product\\\/china-passport-renewal\\\/#primaryimage\"},\"thumbnailUrl\":\"https:\\\/\\\/worldpassaporte.com\\\/wp-content\\\/uploads\\\/2025\\\/08\\\/china-passport-renewal.webp\",\"datePublished\":\"2025-08-14T19:54:39+00:00\",\"dateModified\":\"2025-10-03T14:31:18+00:00\",\"description\":\"Avoid delays and embassy stress. Renew your China passport fast, safe, and without mistakes. We handle the full process for smooth approval.\",\"breadcrumb\":{\"@id\":\"https:\\\/\\\/worldpassaporte.com\\\/product\\\/china-passport-renewal\\\/#breadcrumb\"},\"inLanguage\":\"tr\",\"potentialAction\":[{\"@type\":\"ReadAction\",\"target\":[\"https:\\\/\\\/worldpassaporte.com\\\/product\\\/china-passport-renewal\\\/\"]}]},{\"@type\":\"ImageObject\",\"inLanguage\":\"tr\",\"@id\":\"https:\\\/\\\/worldpassaporte.com\\\/product\\\/china-passport-renewal\\\/#primaryimage\",\"url\":\"https:\\\/\\\/worldpassaporte.com\\\/wp-content\\\/uploads\\\/2025\\\/08\\\/china-passport-renewal.webp\",\"contentUrl\":\"https:\\\/\\\/worldpassaporte.com\\\/wp-content\\\/uploads\\\/2025\\\/08\\\/china-passport-renewal.webp\",\"width\":285,\"height\":285,\"caption\":\"China Passport Renewal\"},{\"@type\":\"BreadcrumbList\",\"@id\":\"https:\\\/\\\/worldpassaporte.com\\\/product\\\/china-passport-renewal\\\/#breadcrumb\",\"itemListElement\":[{\"@type\":\"ListItem\",\"position\":1,\"name\":\"Home\",\"item\":\"https:\\\/\\\/worldpassaporte.com\\\/\"},{\"@type\":\"ListItem\",\"position\":2,\"name\":\"Shop\",\"item\":\"https:\\\/\\\/worldpassaporte.com\\\/shop\\\/\"},{\"@type\":\"ListItem\",\"position\":3,\"name\":\"China Passport Renewal\"}]},{\"@type\":\"WebSite\",\"@id\":\"https:\\\/\\\/worldpassaporte.com\\\/#website\",\"url\":\"https:\\\/\\\/worldpassaporte.com\\\/\",\"name\":\"World Passporte | Buy Verified Passports & IDs Online\",\"description\":\"Trusted Online Passport, Driver\u2019s License &amp; ID Card Services\",\"publisher\":{\"@id\":\"https:\\\/\\\/worldpassaporte.com\\\/#organization\"},\"alternateName\":\"World Passporte Docs\",\"potentialAction\":[{\"@type\":\"SearchAction\",\"target\":{\"@type\":\"EntryPoint\",\"urlTemplate\":\"https:\\\/\\\/worldpassaporte.com\\\/?s={search_term_string}\"},\"query-input\":{\"@type\":\"PropertyValueSpecification\",\"valueRequired\":true,\"valueName\":\"search_term_string\"}}],\"inLanguage\":\"tr\"},{\"@type\":\"Organization\",\"@id\":\"https:\\\/\\\/worldpassaporte.com\\\/#organization\",\"name\":\"world passporte\",\"url\":\"https:\\\/\\\/worldpassaporte.com\\\/\",\"logo\":{\"@type\":\"ImageObject\",\"inLanguage\":\"tr\",\"@id\":\"https:\\\/\\\/worldpassaporte.com\\\/#\\\/schema\\\/logo\\\/image\\\/\",\"url\":\"https:\\\/\\\/worldpassaporte.com\\\/wp-content\\\/uploads\\\/2021\\\/04\\\/cropped-521-5219672_document-management-system-logo-hd-png-download.png\",\"contentUrl\":\"https:\\\/\\\/worldpassaporte.com\\\/wp-content\\\/uploads\\\/2021\\\/04\\\/cropped-521-5219672_document-management-system-logo-hd-png-download.png\",\"width\":512,\"height\":512,\"caption\":\"world passporte\"},\"image\":{\"@id\":\"https:\\\/\\\/worldpassaporte.com\\\/#\\\/schema\\\/logo\\\/image\\\/\"},\"sameAs\":[\"https:\\\/\\\/www.facebook.com\\\/migrant.line.75\"]}]}<\/script>\n<!-- \/ Yoast SEO Premium plugin. -->","yoast_head_json":{"title":"\u00c7in Pasaportu Yenileme \u2013 H\u0131zl\u0131 ve G\u00fcvenli Hizmet","description":"Gecikmelerden ve el\u00e7ilik stresinden kurtulun. \u00c7in pasaportunuzu h\u0131zl\u0131, g\u00fcvenli ve hatas\u0131z yenileyin. Sorunsuz onay s\u00fcreci i\u00e7in t\u00fcm s\u00fcreci biz y\u00f6netiyoruz.","robots":{"index":"index","follow":"follow","max-snippet":"max-snippet:-1","max-image-preview":"max-image-preview:large","max-video-preview":"max-video-preview:-1"},"canonical":"https:\/\/worldpassaporte.com\/tr\/urun\/cin-pasaport-yenileme\/","og_locale":"tr_TR","og_type":"article","og_title":"China Passport Renewal","og_description":"Avoid delays and embassy stress. Renew your China passport fast, safe, and without mistakes. We handle the full process for smooth approval.","og_url":"https:\/\/worldpassaporte.com\/tr\/urun\/cin-pasaport-yenileme\/","og_site_name":"Buy Passport Online","article_publisher":"https:\/\/www.facebook.com\/migrant.line.75","article_modified_time":"2025-10-03T14:31:18+00:00","og_image":[{"width":285,"height":285,"url":"https:\/\/worldpassaporte.com\/wp-content\/uploads\/2025\/08\/china-passport-renewal.webp","type":"image\/webp"}],"twitter_card":"summary_large_image","twitter_misc":{"Tahmini okuma s\u00fcresi":"1 dakika"},"schema":{"@context":"https:\/\/schema.org","@graph":[{"@type":"WebPage","@id":"https:\/\/worldpassaporte.com\/product\/china-passport-renewal\/","url":"https:\/\/worldpassaporte.com\/product\/china-passport-renewal\/","name":"\u00c7in Pasaportu Yenileme \u2013 H\u0131zl\u0131 ve G\u00fcvenli Hizmet","isPartOf":{"@id":"https:\/\/worldpassaporte.com\/#website"},"primaryImageOfPage":{"@id":"https:\/\/worldpassaporte.com\/product\/china-passport-renewal\/#primaryimage"},"image":{"@id":"https:\/\/worldpassaporte.com\/product\/china-passport-renewal\/#primaryimage"},"thumbnailUrl":"https:\/\/worldpassaporte.com\/wp-content\/uploads\/2025\/08\/china-passport-renewal.webp","datePublished":"2025-08-14T19:54:39+00:00","dateModified":"2025-10-03T14:31:18+00:00","description":"Gecikmelerden ve el\u00e7ilik stresinden kurtulun. \u00c7in pasaportunuzu h\u0131zl\u0131, g\u00fcvenli ve hatas\u0131z yenileyin. Sorunsuz onay s\u00fcreci i\u00e7in t\u00fcm s\u00fcreci biz y\u00f6netiyoruz.","breadcrumb":{"@id":"https:\/\/worldpassaporte.com\/product\/china-passport-renewal\/#breadcrumb"},"inLanguage":"tr","potentialAction":[{"@type":"ReadAction","target":["https:\/\/worldpassaporte.com\/product\/china-passport-renewal\/"]}]},{"@type":"ImageObject","inLanguage":"tr","@id":"https:\/\/worldpassaporte.com\/product\/china-passport-renewal\/#primaryimage","url":"https:\/\/worldpassaporte.com\/wp-content\/uploads\/2025\/08\/china-passport-renewal.webp","contentUrl":"https:\/\/worldpassaporte.com\/wp-content\/uploads\/2025\/08\/china-passport-renewal.webp","width":285,"height":285,"caption":"China Passport Renewal"},{"@type":"BreadcrumbList","@id":"https:\/\/worldpassaporte.com\/product\/china-passport-renewal\/#breadcrumb","itemListElement":[{"@type":"ListItem","position":1,"name":"Home","item":"https:\/\/worldpassaporte.com\/"},{"@type":"ListItem","position":2,"name":"Shop","item":"https:\/\/worldpassaporte.com\/shop\/"},{"@type":"ListItem","position":3,"name":"China Passport Renewal"}]},{"@type":"WebSite","@id":"https:\/\/worldpassaporte.com\/#website","url":"https:\/\/worldpassaporte.com\/","name":"D\u00fcnya Pasaportu | Do\u011frulanm\u0131\u015f Pasaportlar\u0131 ve Kimlikleri \u00c7evrimi\u00e7i Sat\u0131n Al\u0131n","description":"G\u00fcvenilir \u00c7evrimi\u00e7i Pasaport, S\u00fcr\u00fcc\u00fc Belgesi ve Kimlik Kart\u0131 Hizmetleri","publisher":{"@id":"https:\/\/worldpassaporte.com\/#organization"},"alternateName":"World Passporte Docs","potentialAction":[{"@type":"SearchAction","target":{"@type":"EntryPoint","urlTemplate":"https:\/\/worldpassaporte.com\/?s={search_term_string}"},"query-input":{"@type":"PropertyValueSpecification","valueRequired":true,"valueName":"search_term_string"}}],"inLanguage":"tr"},{"@type":"Organization","@id":"https:\/\/worldpassaporte.com\/#organization","name":"d\u00fcnya pasaportu","url":"https:\/\/worldpassaporte.com\/","logo":{"@type":"ImageObject","inLanguage":"tr","@id":"https:\/\/worldpassaporte.com\/#\/schema\/logo\/image\/","url":"https:\/\/worldpassaporte.com\/wp-content\/uploads\/2021\/04\/cropped-521-5219672_document-management-system-logo-hd-png-download.png","contentUrl":"https:\/\/worldpassaporte.com\/wp-content\/uploads\/2021\/04\/cropped-521-5219672_document-management-system-logo-hd-png-download.png","width":512,"height":512,"caption":"world passporte"},"image":{"@id":"https:\/\/worldpassaporte.com\/#\/schema\/logo\/image\/"},"sameAs":["https:\/\/www.facebook.com\/migrant.line.75"]}]}},"_links":{"self":[{"href":"https:\/\/worldpassaporte.com\/tr\/wp-json\/wp\/v2\/product\/3173","targetHints":{"allow":["GET"]}}],"collection":[{"href":"https:\/\/worldpassaporte.com\/tr\/wp-json\/wp\/v2\/product"}],"about":[{"href":"https:\/\/worldpassaporte.com\/tr\/wp-json\/wp\/v2\/types\/product"}],"replies":[{"embeddable":true,"href":"https:\/\/worldpassaporte.com\/tr\/wp-json\/wp\/v2\/comments?post=3173"}],"wp:featuredmedia":[{"embeddable":true,"href":"https:\/\/worldpassaporte.com\/tr\/wp-json\/wp\/v2\/media\/3172"}],"wp:attachment":[{"href":"https:\/\/worldpassaporte.com\/tr\/wp-json\/wp\/v2\/media?parent=3173"}],"wp:term":[{"taxonomy":"product_brand","embeddable":true,"href":"https:\/\/worldpassaporte.com\/tr\/wp-json\/wp\/v2\/product_brand?post=3173"},{"taxonomy":"product_cat","embeddable":true,"href":"https:\/\/worldpassaporte.com\/tr\/wp-json\/wp\/v2\/product_cat?post=3173"},{"taxonomy":"product_tag","embeddable":true,"href":"https:\/\/worldpassaporte.com\/tr\/wp-json\/wp\/v2\/product_tag?post=3173"}],"curies":[{"name":"wp","href":"https:\/\/api.w.org\/{rel}","templated":true}]}}